{"id":71,"date":"2016-03-15T10:57:13","date_gmt":"2016-03-15T09:57:13","guid":{"rendered":"https:\/\/seaevents.se\/?page_id=71"},"modified":"2026-01-26T17:08:37","modified_gmt":"2026-01-26T16:08:37","slug":"kontakt","status":"publish","type":"page","link":"https:\/\/seaevents.se\/kontakt\/","title":{"rendered":"Kontakt"},"content":{"rendered":"<div id=\"pl-71\"  class=\"panel-layout\" ><div id=\"pg-71-0\"  class=\"panel-grid panel-no-style\" ><div id=\"pgc-71-0-0\"  class=\"panel-grid-cell panel-grid-cell-mobile-last\" ><div id=\"panel-71-0-0-0\" class=\"so-panel widget widget_sow-editor panel-first-child panel-last-child\" data-index=\"0\" ><div\n\t\t\t\n\t\t\tclass=\"so-widget-sow-editor so-widget-sow-editor-base\"\n\t\t\t\n\t\t>\n<div class=\"siteorigin-widget-tinymce textwidget\">\n\t<h1 id=\"address-type2\">Kontakta oss!<\/h1>\n<h2><img loading=\"lazy\" decoding=\"async\" class=\"alignnone wp-image-44\" src=\"https:\/\/seaevents.se\/wp-content\/uploads\/2016\/03\/sea-events-logo-hires.png\" alt=\"sea-events-logo\" width=\"138\" height=\"50\" \/><\/h2>\n<p><strong><a href=\"mailto:info@seaevents.se\">info@seaevents.se<\/a><br \/>\n<a href=\"tel:+4686111929\">+46 8 611 19 29<\/a><\/strong><\/p>\n<p><strong>Bes\u00f6ksadress<br \/>\n<\/strong>Var du vill i Stockholms Sk\u00e4rg\u00e5rd och p\u00e5 M\u00e4laren<br \/>\n<em>Strandv\u00e4gen 12, kajplats 17, 114 56 Stockholm\u00a0 <a href=\"https:\/\/maps.app.goo.gl\/YKv7uXDncrC1K2fS7\" target=\"_blank\" rel=\"noopener\">se karta<\/a><\/em><\/p>\n<p><strong>Postadress<br \/>\n<\/strong>Edelcrantz v\u00e4gg 57<br \/>\n132 53 Saltsj\u00f6-Boo<\/p>\n<\/div>\n<\/div><\/div><\/div><div id=\"pgc-71-0-1\"  class=\"panel-grid-cell panel-grid-cell-empty\" ><\/div><\/div><\/div>","protected":false},"excerpt":{"rendered":"<p>Kontakta oss!. info@seaevents.se. +46 8 611 19 29. es\u00f6ksadress. Strandv\u00e4gen 12, kajplats 17, 114 56 Stockholm\u00a0 se karta. Postadress. 132 53 Saltsj\u00f6-Boo. <\/p>\n","protected":false},"author":33,"featured_media":1475,"parent":0,"menu_order":38,"comment_status":"closed","ping_status":"closed","template":"","meta":{"_acf_changed":false,"_monsterinsights_skip_tracking":false,"_monsterinsights_sitenote_active":false,"_monsterinsights_sitenote_note":"","_monsterinsights_sitenote_category":0,"footnotes":""},"class_list":["post-71","page","type-page","status-publish","has-post-thumbnail","hentry"],"acf":[],"yoast_head":"<!-- This site is optimized with the Yoast SEO plugin v26.9 - https:\/\/yoast.com\/product\/yoast-seo-wordpress\/ -->\n<title>Kontakta oss f\u00f6r sp\u00e4nnande konferenser och minnen f\u00f6r livet.<\/title>\n<meta name=\"description\" content=\"Kontakta oss n\u00e4r du planerar f\u00f6r sp\u00e4nnande m\u00f6ten och aktiviteter, god mat och h\u00e4rliga stunder i sk\u00e4rg\u00e5rdsmilj\u00f6 f\u00f6r dig och ditt team.\" \/>\n<meta name=\"robots\" content=\"index, follow, max-snippet:-1, max-image-preview:large, max-video-preview:-1\" \/>\n<link rel=\"canonical\" href=\"https:\/\/seaevents.se\/kontakt\/\" \/>\n<meta property=\"og:locale\" content=\"sv_SE\" \/>\n<meta property=\"og:type\" content=\"article\" \/>\n<meta property=\"og:title\" content=\"Kontakta oss f\u00f6r sp\u00e4nnande konferenser och minnen f\u00f6r livet.\" \/>\n<meta property=\"og:description\" content=\"Kontakta oss n\u00e4r du planerar f\u00f6r sp\u00e4nnande m\u00f6ten och aktiviteter, god mat och h\u00e4rliga stunder i sk\u00e4rg\u00e5rdsmilj\u00f6 f\u00f6r dig och ditt team.\" \/>\n<meta property=\"og:url\" content=\"https:\/\/seaevents.se\/kontakt\/\" \/>\n<meta property=\"og:site_name\" content=\"Sea Events\" \/>\n<meta property=\"article:modified_time\" content=\"2026-01-26T16:08:37+00:00\" \/>\n<meta property=\"og:image\" content=\"https:\/\/seaevents.se\/wp-content\/uploads\/2018\/02\/seaevents-34-e1518883571364.jpg\" \/>\n\t<meta property=\"og:image:width\" content=\"1445\" \/>\n\t<meta property=\"og:image:height\" content=\"420\" \/>\n\t<meta property=\"og:image:type\" content=\"image\/jpeg\" \/>\n<meta name=\"twitter:card\" content=\"summary_large_image\" \/>\n<meta name=\"twitter:label1\" content=\"Ber\u00e4knad l\u00e4stid\" \/>\n\t<meta name=\"twitter:data1\" content=\"1 minut\" \/>\n<script type=\"application\/ld+json\" class=\"yoast-schema-graph\">{\"@context\":\"https:\/\/schema.org\",\"@graph\":[{\"@type\":\"WebPage\",\"@id\":\"https:\/\/seaevents.se\/kontakt\/\",\"url\":\"https:\/\/seaevents.se\/kontakt\/\",\"name\":\"Kontakta oss f\u00f6r sp\u00e4nnande konferenser och minnen f\u00f6r livet.\",\"isPartOf\":{\"@id\":\"https:\/\/seaevents.se\/#website\"},\"primaryImageOfPage\":{\"@id\":\"https:\/\/seaevents.se\/kontakt\/#primaryimage\"},\"image\":{\"@id\":\"https:\/\/seaevents.se\/kontakt\/#primaryimage\"},\"thumbnailUrl\":\"https:\/\/seaevents.se\/wp-content\/uploads\/2018\/02\/seaevents-34-e1518883571364.jpg\",\"datePublished\":\"2016-03-15T09:57:13+00:00\",\"dateModified\":\"2026-01-26T16:08:37+00:00\",\"description\":\"Kontakta oss n\u00e4r du planerar f\u00f6r sp\u00e4nnande m\u00f6ten och aktiviteter, god mat och h\u00e4rliga stunder i sk\u00e4rg\u00e5rdsmilj\u00f6 f\u00f6r dig och ditt team.\",\"breadcrumb\":{\"@id\":\"https:\/\/seaevents.se\/kontakt\/#breadcrumb\"},\"inLanguage\":\"sv-SE\",\"potentialAction\":[{\"@type\":\"ReadAction\",\"target\":[\"https:\/\/seaevents.se\/kontakt\/\"]}]},{\"@type\":\"ImageObject\",\"inLanguage\":\"sv-SE\",\"@id\":\"https:\/\/seaevents.se\/kontakt\/#primaryimage\",\"url\":\"https:\/\/seaevents.se\/wp-content\/uploads\/2018\/02\/seaevents-34-e1518883571364.jpg\",\"contentUrl\":\"https:\/\/seaevents.se\/wp-content\/uploads\/2018\/02\/seaevents-34-e1518883571364.jpg\",\"width\":1445,\"height\":420},{\"@type\":\"BreadcrumbList\",\"@id\":\"https:\/\/seaevents.se\/kontakt\/#breadcrumb\",\"itemListElement\":[{\"@type\":\"ListItem\",\"position\":1,\"name\":\"Hem\",\"item\":\"https:\/\/seaevents.se\/\"},{\"@type\":\"ListItem\",\"position\":2,\"name\":\"Kontakt\"}]},{\"@type\":\"WebSite\",\"@id\":\"https:\/\/seaevents.se\/#website\",\"url\":\"https:\/\/seaevents.se\/\",\"name\":\"Sea Events\",\"description\":\"\",\"publisher\":{\"@id\":\"https:\/\/seaevents.se\/#organization\"},\"potentialAction\":[{\"@type\":\"SearchAction\",\"target\":{\"@type\":\"EntryPoint\",\"urlTemplate\":\"https:\/\/seaevents.se\/?s={search_term_string}\"},\"query-input\":{\"@type\":\"PropertyValueSpecification\",\"valueRequired\":true,\"valueName\":\"search_term_string\"}}],\"inLanguage\":\"sv-SE\"},{\"@type\":\"Organization\",\"@id\":\"https:\/\/seaevents.se\/#organization\",\"name\":\"Sea Events\",\"url\":\"https:\/\/seaevents.se\/\",\"logo\":{\"@type\":\"ImageObject\",\"inLanguage\":\"sv-SE\",\"@id\":\"https:\/\/seaevents.se\/#\/schema\/logo\/image\/\",\"url\":\"https:\/\/seaevents.se\/wp-content\/uploads\/2016\/03\/sea-events-logo-hires.png\",\"contentUrl\":\"https:\/\/seaevents.se\/wp-content\/uploads\/2016\/03\/sea-events-logo-hires.png\",\"width\":993,\"height\":361,\"caption\":\"Sea Events\"},\"image\":{\"@id\":\"https:\/\/seaevents.se\/#\/schema\/logo\/image\/\"}}]}<\/script>\n<!-- \/ Yoast SEO plugin. -->","yoast_head_json":{"title":"Kontakta oss f\u00f6r sp\u00e4nnande konferenser och minnen f\u00f6r livet.","description":"Kontakta oss n\u00e4r du planerar f\u00f6r sp\u00e4nnande m\u00f6ten och aktiviteter, god mat och h\u00e4rliga stunder i sk\u00e4rg\u00e5rdsmilj\u00f6 f\u00f6r dig och ditt team.","robots":{"index":"index","follow":"follow","max-snippet":"max-snippet:-1","max-image-preview":"max-image-preview:large","max-video-preview":"max-video-preview:-1"},"canonical":"https:\/\/seaevents.se\/kontakt\/","og_locale":"sv_SE","og_type":"article","og_title":"Kontakta oss f\u00f6r sp\u00e4nnande konferenser och minnen f\u00f6r livet.","og_description":"Kontakta oss n\u00e4r du planerar f\u00f6r sp\u00e4nnande m\u00f6ten och aktiviteter, god mat och h\u00e4rliga stunder i sk\u00e4rg\u00e5rdsmilj\u00f6 f\u00f6r dig och ditt team.","og_url":"https:\/\/seaevents.se\/kontakt\/","og_site_name":"Sea Events","article_modified_time":"2026-01-26T16:08:37+00:00","og_image":[{"width":1445,"height":420,"url":"https:\/\/seaevents.se\/wp-content\/uploads\/2018\/02\/seaevents-34-e1518883571364.jpg","type":"image\/jpeg"}],"twitter_card":"summary_large_image","twitter_misc":{"Ber\u00e4knad l\u00e4stid":"1 minut"},"schema":{"@context":"https:\/\/schema.org","@graph":[{"@type":"WebPage","@id":"https:\/\/seaevents.se\/kontakt\/","url":"https:\/\/seaevents.se\/kontakt\/","name":"Kontakta oss f\u00f6r sp\u00e4nnande konferenser och minnen f\u00f6r livet.","isPartOf":{"@id":"https:\/\/seaevents.se\/#website"},"primaryImageOfPage":{"@id":"https:\/\/seaevents.se\/kontakt\/#primaryimage"},"image":{"@id":"https:\/\/seaevents.se\/kontakt\/#primaryimage"},"thumbnailUrl":"https:\/\/seaevents.se\/wp-content\/uploads\/2018\/02\/seaevents-34-e1518883571364.jpg","datePublished":"2016-03-15T09:57:13+00:00","dateModified":"2026-01-26T16:08:37+00:00","description":"Kontakta oss n\u00e4r du planerar f\u00f6r sp\u00e4nnande m\u00f6ten och aktiviteter, god mat och h\u00e4rliga stunder i sk\u00e4rg\u00e5rdsmilj\u00f6 f\u00f6r dig och ditt team.","breadcrumb":{"@id":"https:\/\/seaevents.se\/kontakt\/#breadcrumb"},"inLanguage":"sv-SE","potentialAction":[{"@type":"ReadAction","target":["https:\/\/seaevents.se\/kontakt\/"]}]},{"@type":"ImageObject","inLanguage":"sv-SE","@id":"https:\/\/seaevents.se\/kontakt\/#primaryimage","url":"https:\/\/seaevents.se\/wp-content\/uploads\/2018\/02\/seaevents-34-e1518883571364.jpg","contentUrl":"https:\/\/seaevents.se\/wp-content\/uploads\/2018\/02\/seaevents-34-e1518883571364.jpg","width":1445,"height":420},{"@type":"BreadcrumbList","@id":"https:\/\/seaevents.se\/kontakt\/#breadcrumb","itemListElement":[{"@type":"ListItem","position":1,"name":"Hem","item":"https:\/\/seaevents.se\/"},{"@type":"ListItem","position":2,"name":"Kontakt"}]},{"@type":"WebSite","@id":"https:\/\/seaevents.se\/#website","url":"https:\/\/seaevents.se\/","name":"Sea Events","description":"","publisher":{"@id":"https:\/\/seaevents.se\/#organization"},"potentialAction":[{"@type":"SearchAction","target":{"@type":"EntryPoint","urlTemplate":"https:\/\/seaevents.se\/?s={search_term_string}"},"query-input":{"@type":"PropertyValueSpecification","valueRequired":true,"valueName":"search_term_string"}}],"inLanguage":"sv-SE"},{"@type":"Organization","@id":"https:\/\/seaevents.se\/#organization","name":"Sea Events","url":"https:\/\/seaevents.se\/","logo":{"@type":"ImageObject","inLanguage":"sv-SE","@id":"https:\/\/seaevents.se\/#\/schema\/logo\/image\/","url":"https:\/\/seaevents.se\/wp-content\/uploads\/2016\/03\/sea-events-logo-hires.png","contentUrl":"https:\/\/seaevents.se\/wp-content\/uploads\/2016\/03\/sea-events-logo-hires.png","width":993,"height":361,"caption":"Sea Events"},"image":{"@id":"https:\/\/seaevents.se\/#\/schema\/logo\/image\/"}}]}},"_links":{"self":[{"href":"https:\/\/seaevents.se\/index.php?rest_route=\/wp\/v2\/pages\/71","targetHints":{"allow":["GET"]}}],"collection":[{"href":"https:\/\/seaevents.se\/index.php?rest_route=\/wp\/v2\/pages"}],"about":[{"href":"https:\/\/seaevents.se\/index.php?rest_route=\/wp\/v2\/types\/page"}],"author":[{"embeddable":true,"href":"https:\/\/seaevents.se\/index.php?rest_route=\/wp\/v2\/users\/33"}],"replies":[{"embeddable":true,"href":"https:\/\/seaevents.se\/index.php?rest_route=%2Fwp%2Fv2%2Fcomments&post=71"}],"version-history":[{"count":49,"href":"https:\/\/seaevents.se\/index.php?rest_route=\/wp\/v2\/pages\/71\/revisions"}],"predecessor-version":[{"id":3017,"href":"https:\/\/seaevents.se\/index.php?rest_route=\/wp\/v2\/pages\/71\/revisions\/3017"}],"wp:featuredmedia":[{"embeddable":true,"href":"https:\/\/seaevents.se\/index.php?rest_route=\/wp\/v2\/media\/1475"}],"wp:attachment":[{"href":"https:\/\/seaevents.se\/index.php?rest_route=%2Fwp%2Fv2%2Fmedia&parent=71"}],"curies":[{"name":"wp","href":"https:\/\/api.w.org\/{rel}","templated":true}]}}