{"id":2904,"date":"2024-02-14T20:04:13","date_gmt":"2024-02-14T19:04:13","guid":{"rendered":"https:\/\/seaevents.se\/?page_id=2904"},"modified":"2024-11-18T12:36:34","modified_gmt":"2024-11-18T11:36:34","slug":"taxibat","status":"publish","type":"page","link":"https:\/\/seaevents.se\/taxibat\/","title":{"rendered":"B\u00e5ttaxi\/Sj\u00f6taxi"},"content":{"rendered":"<div id=\"pl-2904\"  class=\"panel-layout\" ><div id=\"pg-2904-0\"  class=\"panel-grid panel-no-style\" ><div id=\"pgc-2904-0-0\"  class=\"panel-grid-cell\" ><div id=\"panel-2904-0-0-0\" class=\"so-panel widget widget_sow-editor panel-first-child panel-last-child\" data-index=\"0\" ><div\n\t\t\t\n\t\t\tclass=\"so-widget-sow-editor so-widget-sow-editor-base\"\n\t\t\t\n\t\t>\n<div class=\"siteorigin-widget-tinymce textwidget\">\n\t<h2>B\u00e5ttaxi\/Sj\u00f6taxi<\/h2>\n<p class=\"gmail_default\">Vi har samarbete med Rederi G\u00e4lln\u00f6 AB som erbjuder hyttb\u00e5t d\u00e4r du sitter du skyddat och bekv\u00e4mt oavsett v\u00e4der och vind n\u00e4r vi transporterar dig och ditt s\u00e4llskap till \u00f6ar och mellan platser i mellansk\u00e4rg\u00e5rden. Vanliga turer som v\u00e5ra kunder v\u00e4ljer att boka med oss g\u00e5r oftast till Fj\u00e4derholmarna, Liding\u00f6, Ellery beach house, Vaxholm, Grinda, Svarts\u00f6, Ingmars\u00f6, L\u00e5dna, Sollenkroka, G\u00e4lln\u00f6, Sandhamn eller \u00f6ar i n\u00e4rhet. Du kan \u00e4ven boka denna b\u00e5t f\u00f6r en kortare sk\u00e4rg\u00e5rdstur d\u00e4r vi anpassar resans l\u00e4ngd och destination efter dina \u00f6nskem\u00e5l.<\/p>\n<div class=\"gmail_default\"><\/div>\n<p class=\"gmail_default\">L\u00e5t oss presentera taxib\u00e5ten som \u00e4r utrustade med flytv\u00e4star och allt som beh\u00f6vs f\u00f6r en s\u00e4ker tur med oss som transportmedel.<\/p>\n<div class=\"gmail_default\"><\/div>\n<p>B\u00e5t TAXEN, \u00e4r en modern Arronet 24 5 Surprise H, med plats f\u00f6r upp till 7 passagerare. 5 personer sitter bra i v\u00e4rmen inne i hytten. Korta str\u00e4ckor eller vid varmare v\u00e4der kan vi ta 7 personer. Skrovet \u00e4r V-format, l\u00e4ttdrivet och g\u00e5r bra \u00e4ven i lite h\u00f6gre sj\u00f6. P\u00e5 f\u00f6r- och akterd\u00e4ck finns gott om plats f\u00f6r bagage och gods. Vi kan lasta 800 kg, men godset m\u00e5ste g\u00e5 att lasta f\u00f6r hand eller med lyfthj\u00e4lp fr\u00e5n land. Motorn \u00e4r en Mercury 300 hk och ger en toppfart p\u00e5 45 knop. Vi k\u00f6r br\u00e4nslesn\u00e5lt i marchfart runt 30 knop. Bra f\u00f6r pl\u00e5nbok och milj\u00f6. TAXEN erbjuder mycket h\u00f6g komfort och i hytten \u00e4r den l\u00e5ga ljudniv\u00e5n en njutning.<\/p>\n<div><\/div>\n<p>Mer info finns p\u00e5<a href=\"http:\/\/www.rederigallno.se\"> www.rederigallno.se<\/a><\/p>\n<div>\n<div><\/div>\n<div><\/div>\n<\/div>\n<div><img loading=\"lazy\" decoding=\"async\" class=\"alignnone wp-image-2955 \" src=\"https:\/\/seaevents.se\/wp-content\/uploads\/2024\/11\/arronet-24-5-surprise-h-ut2.jpg\" alt=\"\" width=\"193\" height=\"132\" \/><img loading=\"lazy\" decoding=\"async\" class=\"alignnone wp-image-2961 \" src=\"https:\/\/seaevents.se\/wp-content\/uploads\/2024\/11\/arronet-24-5-surprise-h-in.jpg\" alt=\"\" width=\"217\" height=\"160\" \/><img loading=\"lazy\" decoding=\"async\" class=\"alignnone  wp-image-2960\" src=\"https:\/\/seaevents.se\/wp-content\/uploads\/2024\/11\/arronet-24-5-surprise-h-in-soffa.jpg\" alt=\"\" width=\"212\" height=\"149\" \/><img loading=\"lazy\" decoding=\"async\" class=\"alignnone wp-image-2959 \" src=\"https:\/\/seaevents.se\/wp-content\/uploads\/2024\/11\/arronet-24-5-surprise-h-fram-1.jpg\" alt=\"\" width=\"202\" height=\"149\" \/><img loading=\"lazy\" decoding=\"async\" class=\"alignnone  wp-image-2956\" src=\"https:\/\/seaevents.se\/wp-content\/uploads\/2024\/11\/logga-rg-hela.jpg\" alt=\"\" width=\"169\" height=\"144\" \/><\/div>\n<div>\n<div>\n<h2>Charterb\u00e5tar &amp; B\u00e5tcharter<\/h2>\n<\/div>\n<\/div>\n<div class=\"gmail_default\">\n<p class=\"gmail_default\">Vi har samarbete med flertalet bolag som erbjuder b\u00e5tar f\u00f6r just dina behov om du \u00f6nskar en st\u00f6rre b\u00e5t som tar fler passagerare eller d\u00e4r ni gemensamt kan \u00e4ta t.ex. lunch under tur.<\/p>\n<div><\/div>\n<\/div>\n<p class=\"gmail_default\"><strong><span class=\"\" style=\"font-family: georgia, serif;\">Ring oss 08-611 19 29\u00a0eller mejla din f\u00f6rfr\u00e5gan till\u00a0<a target=\"_self\" rel=\"noopener\">info@seaevents.se<\/a> s\u00e5 anpassar vi en tur med b\u00e5t till dig och ditt s\u00e4llskap.<\/span><\/strong><\/p>\n<p class=\"description\">\n<\/div>\n<\/div><\/div><\/div><\/div><\/div>","protected":false},"excerpt":{"rendered":"<p>\u00e5ttaxi\/Sj\u00f6taxi. Vi har samarbete med Rederi G\u00e4lln\u00f6 AB som erbjuder hyttb\u00e5t d\u00e4r du sitter du skyddat och bekv\u00e4mt oavsett v\u00e4der och vind n\u00e4r vi transporterar dig och ditt s\u00e4llskap till \u00f6ar och mellan platser i mellansk\u00e4rg\u00e5rden.<\/p>\n","protected":false},"author":32,"featured_media":1467,"parent":0,"menu_order":4,"comment_status":"closed","ping_status":"closed","template":"","meta":{"_acf_changed":false,"_monsterinsights_skip_tracking":false,"_monsterinsights_sitenote_active":false,"_monsterinsights_sitenote_note":"","_monsterinsights_sitenote_category":0,"footnotes":""},"class_list":["post-2904","page","type-page","status-publish","has-post-thumbnail","hentry"],"acf":[],"yoast_head":"<!-- This site is optimized with the Yoast SEO plugin v26.9 - https:\/\/yoast.com\/product\/yoast-seo-wordpress\/ -->\n<title>Ribb\u00e5tar med kaptener som k\u00e4nner sk\u00e4rg\u00e5rden<\/title>\n<meta name=\"description\" content=\"Med v\u00e5ra ribb\u00e5tar tar vi upp till 60 personer och tillsammans med v\u00e5ra v\u00e4nner ordnar vi event f\u00f6r 200 personer.\" \/>\n<meta name=\"robots\" content=\"index, follow, max-snippet:-1, max-image-preview:large, max-video-preview:-1\" \/>\n<link rel=\"canonical\" href=\"https:\/\/seaevents.se\/taxibat\/\" \/>\n<meta property=\"og:locale\" content=\"sv_SE\" \/>\n<meta property=\"og:type\" content=\"article\" \/>\n<meta property=\"og:title\" content=\"Ribb\u00e5tar med kaptener som k\u00e4nner sk\u00e4rg\u00e5rden\" \/>\n<meta property=\"og:description\" content=\"Med v\u00e5ra ribb\u00e5tar tar vi upp till 60 personer och tillsammans med v\u00e5ra v\u00e4nner ordnar vi event f\u00f6r 200 personer.\" \/>\n<meta property=\"og:url\" content=\"https:\/\/seaevents.se\/taxibat\/\" \/>\n<meta property=\"og:site_name\" content=\"Sea Events\" \/>\n<meta property=\"article:modified_time\" content=\"2024-11-18T11:36:34+00:00\" \/>\n<meta property=\"og:image\" content=\"https:\/\/seaevents.se\/wp-content\/uploads\/2018\/02\/seaevents-18-e1518882682281.jpg\" \/>\n\t<meta property=\"og:image:width\" content=\"1353\" \/>\n\t<meta property=\"og:image:height\" content=\"502\" \/>\n\t<meta property=\"og:image:type\" content=\"image\/jpeg\" \/>\n<meta name=\"twitter:card\" content=\"summary_large_image\" \/>\n<meta name=\"twitter:label1\" content=\"Ber\u00e4knad l\u00e4stid\" \/>\n\t<meta name=\"twitter:data1\" content=\"3 minuter\" \/>\n<script type=\"application\/ld+json\" class=\"yoast-schema-graph\">{\"@context\":\"https:\/\/schema.org\",\"@graph\":[{\"@type\":\"WebPage\",\"@id\":\"https:\/\/seaevents.se\/taxibat\/\",\"url\":\"https:\/\/seaevents.se\/taxibat\/\",\"name\":\"Ribb\u00e5tar med kaptener som k\u00e4nner sk\u00e4rg\u00e5rden\",\"isPartOf\":{\"@id\":\"https:\/\/seaevents.se\/#website\"},\"primaryImageOfPage\":{\"@id\":\"https:\/\/seaevents.se\/taxibat\/#primaryimage\"},\"image\":{\"@id\":\"https:\/\/seaevents.se\/taxibat\/#primaryimage\"},\"thumbnailUrl\":\"https:\/\/seaevents.se\/wp-content\/uploads\/2018\/02\/seaevents-18-e1518882682281.jpg\",\"datePublished\":\"2024-02-14T19:04:13+00:00\",\"dateModified\":\"2024-11-18T11:36:34+00:00\",\"description\":\"Med v\u00e5ra ribb\u00e5tar tar vi upp till 60 personer och tillsammans med v\u00e5ra v\u00e4nner ordnar vi event f\u00f6r 200 personer.\",\"breadcrumb\":{\"@id\":\"https:\/\/seaevents.se\/taxibat\/#breadcrumb\"},\"inLanguage\":\"sv-SE\",\"potentialAction\":[{\"@type\":\"ReadAction\",\"target\":[\"https:\/\/seaevents.se\/taxibat\/\"]}]},{\"@type\":\"ImageObject\",\"inLanguage\":\"sv-SE\",\"@id\":\"https:\/\/seaevents.se\/taxibat\/#primaryimage\",\"url\":\"https:\/\/seaevents.se\/wp-content\/uploads\/2018\/02\/seaevents-18-e1518882682281.jpg\",\"contentUrl\":\"https:\/\/seaevents.se\/wp-content\/uploads\/2018\/02\/seaevents-18-e1518882682281.jpg\",\"width\":1353,\"height\":502,\"caption\":\"Ribb\u00e5t i stilla vatten\"},{\"@type\":\"BreadcrumbList\",\"@id\":\"https:\/\/seaevents.se\/taxibat\/#breadcrumb\",\"itemListElement\":[{\"@type\":\"ListItem\",\"position\":1,\"name\":\"Hem\",\"item\":\"https:\/\/seaevents.se\/\"},{\"@type\":\"ListItem\",\"position\":2,\"name\":\"B\u00e5ttaxi\/Sj\u00f6taxi\"}]},{\"@type\":\"WebSite\",\"@id\":\"https:\/\/seaevents.se\/#website\",\"url\":\"https:\/\/seaevents.se\/\",\"name\":\"Sea Events\",\"description\":\"\",\"publisher\":{\"@id\":\"https:\/\/seaevents.se\/#organization\"},\"potentialAction\":[{\"@type\":\"SearchAction\",\"target\":{\"@type\":\"EntryPoint\",\"urlTemplate\":\"https:\/\/seaevents.se\/?s={search_term_string}\"},\"query-input\":{\"@type\":\"PropertyValueSpecification\",\"valueRequired\":true,\"valueName\":\"search_term_string\"}}],\"inLanguage\":\"sv-SE\"},{\"@type\":\"Organization\",\"@id\":\"https:\/\/seaevents.se\/#organization\",\"name\":\"Sea Events\",\"url\":\"https:\/\/seaevents.se\/\",\"logo\":{\"@type\":\"ImageObject\",\"inLanguage\":\"sv-SE\",\"@id\":\"https:\/\/seaevents.se\/#\/schema\/logo\/image\/\",\"url\":\"https:\/\/seaevents.se\/wp-content\/uploads\/2016\/03\/sea-events-logo-hires.png\",\"contentUrl\":\"https:\/\/seaevents.se\/wp-content\/uploads\/2016\/03\/sea-events-logo-hires.png\",\"width\":993,\"height\":361,\"caption\":\"Sea Events\"},\"image\":{\"@id\":\"https:\/\/seaevents.se\/#\/schema\/logo\/image\/\"}}]}<\/script>\n<!-- \/ Yoast SEO plugin. -->","yoast_head_json":{"title":"Ribb\u00e5tar med kaptener som k\u00e4nner sk\u00e4rg\u00e5rden","description":"Med v\u00e5ra ribb\u00e5tar tar vi upp till 60 personer och tillsammans med v\u00e5ra v\u00e4nner ordnar vi event f\u00f6r 200 personer.","robots":{"index":"index","follow":"follow","max-snippet":"max-snippet:-1","max-image-preview":"max-image-preview:large","max-video-preview":"max-video-preview:-1"},"canonical":"https:\/\/seaevents.se\/taxibat\/","og_locale":"sv_SE","og_type":"article","og_title":"Ribb\u00e5tar med kaptener som k\u00e4nner sk\u00e4rg\u00e5rden","og_description":"Med v\u00e5ra ribb\u00e5tar tar vi upp till 60 personer och tillsammans med v\u00e5ra v\u00e4nner ordnar vi event f\u00f6r 200 personer.","og_url":"https:\/\/seaevents.se\/taxibat\/","og_site_name":"Sea Events","article_modified_time":"2024-11-18T11:36:34+00:00","og_image":[{"width":1353,"height":502,"url":"https:\/\/seaevents.se\/wp-content\/uploads\/2018\/02\/seaevents-18-e1518882682281.jpg","type":"image\/jpeg"}],"twitter_card":"summary_large_image","twitter_misc":{"Ber\u00e4knad l\u00e4stid":"3 minuter"},"schema":{"@context":"https:\/\/schema.org","@graph":[{"@type":"WebPage","@id":"https:\/\/seaevents.se\/taxibat\/","url":"https:\/\/seaevents.se\/taxibat\/","name":"Ribb\u00e5tar med kaptener som k\u00e4nner sk\u00e4rg\u00e5rden","isPartOf":{"@id":"https:\/\/seaevents.se\/#website"},"primaryImageOfPage":{"@id":"https:\/\/seaevents.se\/taxibat\/#primaryimage"},"image":{"@id":"https:\/\/seaevents.se\/taxibat\/#primaryimage"},"thumbnailUrl":"https:\/\/seaevents.se\/wp-content\/uploads\/2018\/02\/seaevents-18-e1518882682281.jpg","datePublished":"2024-02-14T19:04:13+00:00","dateModified":"2024-11-18T11:36:34+00:00","description":"Med v\u00e5ra ribb\u00e5tar tar vi upp till 60 personer och tillsammans med v\u00e5ra v\u00e4nner ordnar vi event f\u00f6r 200 personer.","breadcrumb":{"@id":"https:\/\/seaevents.se\/taxibat\/#breadcrumb"},"inLanguage":"sv-SE","potentialAction":[{"@type":"ReadAction","target":["https:\/\/seaevents.se\/taxibat\/"]}]},{"@type":"ImageObject","inLanguage":"sv-SE","@id":"https:\/\/seaevents.se\/taxibat\/#primaryimage","url":"https:\/\/seaevents.se\/wp-content\/uploads\/2018\/02\/seaevents-18-e1518882682281.jpg","contentUrl":"https:\/\/seaevents.se\/wp-content\/uploads\/2018\/02\/seaevents-18-e1518882682281.jpg","width":1353,"height":502,"caption":"Ribb\u00e5t i stilla vatten"},{"@type":"BreadcrumbList","@id":"https:\/\/seaevents.se\/taxibat\/#breadcrumb","itemListElement":[{"@type":"ListItem","position":1,"name":"Hem","item":"https:\/\/seaevents.se\/"},{"@type":"ListItem","position":2,"name":"B\u00e5ttaxi\/Sj\u00f6taxi"}]},{"@type":"WebSite","@id":"https:\/\/seaevents.se\/#website","url":"https:\/\/seaevents.se\/","name":"Sea Events","description":"","publisher":{"@id":"https:\/\/seaevents.se\/#organization"},"potentialAction":[{"@type":"SearchAction","target":{"@type":"EntryPoint","urlTemplate":"https:\/\/seaevents.se\/?s={search_term_string}"},"query-input":{"@type":"PropertyValueSpecification","valueRequired":true,"valueName":"search_term_string"}}],"inLanguage":"sv-SE"},{"@type":"Organization","@id":"https:\/\/seaevents.se\/#organization","name":"Sea Events","url":"https:\/\/seaevents.se\/","logo":{"@type":"ImageObject","inLanguage":"sv-SE","@id":"https:\/\/seaevents.se\/#\/schema\/logo\/image\/","url":"https:\/\/seaevents.se\/wp-content\/uploads\/2016\/03\/sea-events-logo-hires.png","contentUrl":"https:\/\/seaevents.se\/wp-content\/uploads\/2016\/03\/sea-events-logo-hires.png","width":993,"height":361,"caption":"Sea Events"},"image":{"@id":"https:\/\/seaevents.se\/#\/schema\/logo\/image\/"}}]}},"_links":{"self":[{"href":"https:\/\/seaevents.se\/index.php?rest_route=\/wp\/v2\/pages\/2904","targetHints":{"allow":["GET"]}}],"collection":[{"href":"https:\/\/seaevents.se\/index.php?rest_route=\/wp\/v2\/pages"}],"about":[{"href":"https:\/\/seaevents.se\/index.php?rest_route=\/wp\/v2\/types\/page"}],"author":[{"embeddable":true,"href":"https:\/\/seaevents.se\/index.php?rest_route=\/wp\/v2\/users\/32"}],"replies":[{"embeddable":true,"href":"https:\/\/seaevents.se\/index.php?rest_route=%2Fwp%2Fv2%2Fcomments&post=2904"}],"version-history":[{"count":5,"href":"https:\/\/seaevents.se\/index.php?rest_route=\/wp\/v2\/pages\/2904\/revisions"}],"predecessor-version":[{"id":2954,"href":"https:\/\/seaevents.se\/index.php?rest_route=\/wp\/v2\/pages\/2904\/revisions\/2954"}],"wp:featuredmedia":[{"embeddable":true,"href":"https:\/\/seaevents.se\/index.php?rest_route=\/wp\/v2\/media\/1467"}],"wp:attachment":[{"href":"https:\/\/seaevents.se\/index.php?rest_route=%2Fwp%2Fv2%2Fmedia&parent=2904"}],"curies":[{"name":"wp","href":"https:\/\/api.w.org\/{rel}","templated":true}]}}