{"id":2832,"date":"2023-04-11T20:10:25","date_gmt":"2023-04-11T18:10:25","guid":{"rendered":"https:\/\/seaevents.se\/?page_id=2832"},"modified":"2026-01-26T16:52:30","modified_gmt":"2026-01-26T15:52:30","slug":"samarbetspartners-i-skargarden","status":"publish","type":"page","link":"https:\/\/seaevents.se\/samarbetspartners-i-skargarden\/","title":{"rendered":"Samarbetspartners"},"content":{"rendered":"<div id=\"pl-2832\"  class=\"panel-layout\" ><div id=\"pg-2832-0\"  class=\"panel-grid panel-no-style\" ><div id=\"pgc-2832-0-0\"  class=\"panel-grid-cell\" ><div id=\"panel-2832-0-0-0\" class=\"so-panel widget widget_sow-editor panel-first-child panel-last-child\" data-index=\"0\" ><div\n\t\t\t\n\t\t\tclass=\"so-widget-sow-editor so-widget-sow-editor-base\"\n\t\t\t\n\t\t>\n<div class=\"siteorigin-widget-tinymce textwidget\">\n\t<p style=\"text-align: left;\"><strong>M\u00f6t v\u00e5ra samarbetspartners som erbjuder genuina milj\u00f6er f\u00f6r god mat och uppskattade upplevelser i sk\u00e4rg\u00e5rden.<\/strong><\/p>\n<p style=\"text-align: left;\">Ingmars\u00f6 Krog -\u00a0<a href=\"https:\/\/ingmarsokrog.com\/\">ingmarsokrog.com<\/a><\/p>\n<p style=\"text-align: left;\">Ingmars\u00f6 Bageri - <a href=\"https:\/\/ingmarsobageri.com\">ingmarsobageri.com<\/a><\/p>\n<p style=\"text-align: left;\">Fj\u00e4derholmarna - <a href=\"http:\/\/www.fjaderholmarnaskrog.se\">fjaderholmarnaskrog.se<\/a> &amp; <a href=\"http:\/\/www.rokeriet-fjaderholmarna.se\">rokeriet-fjaderholmarna.se<\/a><\/p>\n<p>Rind\u00f6 - Restaurang Syrran &amp; Jag - <a href=\"https:\/\/syrranparindo.se\/\">syrranparindo.se<\/a><\/p>\n<p style=\"text-align: left;\">Sandhamns Seglarhotell - <a href=\"https:\/\/sandhamn.com\/\">sandhamn.com<\/a><\/p>\n<p style=\"text-align: left;\">Sandhamns V\u00e4rdshus - <a href=\"https:\/\/www.sandhamns-vardshus.se\/\">sandhamns-vardshus.se<\/a><\/p>\n<p style=\"text-align: left;\">Bistro S\u00e5gen - <a href=\"https:\/\/www.bistrosagen.se\/\">bistrosagen.se<\/a><\/p>\n<p>G\u00e4lln\u00f6 Krog - <a href=\"https:\/\/gallno.se\/gallno-krog\/\">gallno-krog.se<\/a><\/p>\n<p style=\"text-align: left;\">Svarts\u00f6 Krog - <a href=\"http:\/\/svartsokrog.se\/\">svartsokrog.se<\/a><\/p>\n<p style=\"text-align: left;\">Grinda W\u00e4rdshus - <a href=\"https:\/\/grinda.se\/\">grinda.se<\/a><\/p>\n<p>The old smokehouse - <a href=\"https:\/\/theoldsmokehouse.se\/\">theoldsmokehouse.se<\/a><\/p>\n<p style=\"text-align: left;\">Finnhamns Krog - <a href=\"https:\/\/finnhamn.se\/\">finnhamn.se<\/a><\/p>\n<p style=\"text-align: left;\">Id\u00f6borg - <a href=\"https:\/\/www.idoborg.se\/\">idoborg.se<\/a><\/p>\n<p style=\"text-align: left;\">Ut\u00f6 V\u00e4rdshus - <a href=\"https:\/\/www.utovardshus.se\/\">utovardshus.se<\/a><\/p>\n<p>Waxholms hotell -\u00a0<a href=\"https:\/\/www.waxholmshotell.se\/\">waxholmshotell.se<\/a><\/p>\n<p>Vaxholms Kastell - <a href=\"https:\/\/www.kastellet.com\/\">kastellet.com<\/a><\/p>\n<p style=\"text-align: left;\">Out Seglingsevenemang - <a href=\"https:\/\/www.out.se\/\">out.se<\/a><\/p>\n<\/div>\n<\/div><\/div><\/div><\/div><\/div>","protected":false},"excerpt":{"rendered":"<p>M\u00f6t v\u00e5ra samarbetspartners som erbjuder genuina milj\u00f6er f\u00f6r god mat och uppskattade upplevelser i sk\u00e4rg\u00e5rde. Ingmars\u00f6 Krog &#8211;\u00a0ingmarsokrog.com. Ingmars\u00f6 Bageri &#8211; ingmarsobageri.com. Fj\u00e4derholmarna &#8211; fjaderholmarnaskrog.se.<\/p>\n","protected":false},"author":26,"featured_media":2651,"parent":0,"menu_order":0,"comment_status":"closed","ping_status":"closed","template":"","meta":{"_acf_changed":false,"_monsterinsights_skip_tracking":false,"_monsterinsights_sitenote_active":false,"_monsterinsights_sitenote_note":"","_monsterinsights_sitenote_category":0,"footnotes":""},"class_list":["post-2832","page","type-page","status-publish","has-post-thumbnail","hentry"],"acf":[],"yoast_head":"<!-- This site is optimized with the Yoast SEO plugin v26.9 - https:\/\/yoast.com\/product\/yoast-seo-wordpress\/ -->\n<title>Samarbetspartners - Sea Events<\/title>\n<meta name=\"description\" content=\"M\u00f6t v\u00e5ra samarbetspartners som erbjuder genuina sk\u00e4rg\u00e5rdsmilj\u00f6er och uppskattade platser f\u00f6r god mat och dryck och h\u00e4rliga upplevelser i sk\u00e4rg\u00e5rden.\" \/>\n<meta name=\"robots\" content=\"index, follow, max-snippet:-1, max-image-preview:large, max-video-preview:-1\" \/>\n<link rel=\"canonical\" href=\"https:\/\/seaevents.se\/samarbetspartners-i-skargarden\/\" \/>\n<meta property=\"og:locale\" content=\"sv_SE\" \/>\n<meta property=\"og:type\" content=\"article\" \/>\n<meta property=\"og:title\" content=\"Samarbetspartners - Sea Events\" \/>\n<meta property=\"og:description\" content=\"M\u00f6t v\u00e5ra samarbetspartners som erbjuder genuina sk\u00e4rg\u00e5rdsmilj\u00f6er och uppskattade platser f\u00f6r god mat och dryck och h\u00e4rliga upplevelser i sk\u00e4rg\u00e5rden.\" \/>\n<meta property=\"og:url\" content=\"https:\/\/seaevents.se\/samarbetspartners-i-skargarden\/\" \/>\n<meta property=\"og:site_name\" content=\"Sea Events\" \/>\n<meta property=\"article:modified_time\" content=\"2026-01-26T15:52:30+00:00\" \/>\n<meta property=\"og:image\" content=\"https:\/\/seaevents.se\/wp-content\/uploads\/2023\/02\/skaxxrmavbild-2023-02-11-kl.-16.37.57.jpg\" \/>\n\t<meta property=\"og:image:width\" content=\"2114\" \/>\n\t<meta property=\"og:image:height\" content=\"1052\" \/>\n\t<meta property=\"og:image:type\" content=\"image\/jpeg\" \/>\n<meta name=\"twitter:card\" content=\"summary_large_image\" \/>\n<meta name=\"twitter:label1\" content=\"Ber\u00e4knad l\u00e4stid\" \/>\n\t<meta name=\"twitter:data1\" content=\"1 minut\" \/>\n<script type=\"application\/ld+json\" class=\"yoast-schema-graph\">{\"@context\":\"https:\/\/schema.org\",\"@graph\":[{\"@type\":\"WebPage\",\"@id\":\"https:\/\/seaevents.se\/samarbetspartners-i-skargarden\/\",\"url\":\"https:\/\/seaevents.se\/samarbetspartners-i-skargarden\/\",\"name\":\"Samarbetspartners - Sea Events\",\"isPartOf\":{\"@id\":\"https:\/\/seaevents.se\/#website\"},\"primaryImageOfPage\":{\"@id\":\"https:\/\/seaevents.se\/samarbetspartners-i-skargarden\/#primaryimage\"},\"image\":{\"@id\":\"https:\/\/seaevents.se\/samarbetspartners-i-skargarden\/#primaryimage\"},\"thumbnailUrl\":\"https:\/\/seaevents.se\/wp-content\/uploads\/2023\/02\/skaxxrmavbild-2023-02-11-kl.-16.37.57.jpg\",\"datePublished\":\"2023-04-11T18:10:25+00:00\",\"dateModified\":\"2026-01-26T15:52:30+00:00\",\"description\":\"M\u00f6t v\u00e5ra samarbetspartners som erbjuder genuina sk\u00e4rg\u00e5rdsmilj\u00f6er och uppskattade platser f\u00f6r god mat och dryck och h\u00e4rliga upplevelser i sk\u00e4rg\u00e5rden.\",\"breadcrumb\":{\"@id\":\"https:\/\/seaevents.se\/samarbetspartners-i-skargarden\/#breadcrumb\"},\"inLanguage\":\"sv-SE\",\"potentialAction\":[{\"@type\":\"ReadAction\",\"target\":[\"https:\/\/seaevents.se\/samarbetspartners-i-skargarden\/\"]}]},{\"@type\":\"ImageObject\",\"inLanguage\":\"sv-SE\",\"@id\":\"https:\/\/seaevents.se\/samarbetspartners-i-skargarden\/#primaryimage\",\"url\":\"https:\/\/seaevents.se\/wp-content\/uploads\/2023\/02\/skaxxrmavbild-2023-02-11-kl.-16.37.57.jpg\",\"contentUrl\":\"https:\/\/seaevents.se\/wp-content\/uploads\/2023\/02\/skaxxrmavbild-2023-02-11-kl.-16.37.57.jpg\",\"width\":2114,\"height\":1052,\"caption\":\"private dining med ribb\u00e5t\"},{\"@type\":\"BreadcrumbList\",\"@id\":\"https:\/\/seaevents.se\/samarbetspartners-i-skargarden\/#breadcrumb\",\"itemListElement\":[{\"@type\":\"ListItem\",\"position\":1,\"name\":\"Hem\",\"item\":\"https:\/\/seaevents.se\/\"},{\"@type\":\"ListItem\",\"position\":2,\"name\":\"Samarbetspartners\"}]},{\"@type\":\"WebSite\",\"@id\":\"https:\/\/seaevents.se\/#website\",\"url\":\"https:\/\/seaevents.se\/\",\"name\":\"Sea Events\",\"description\":\"\",\"publisher\":{\"@id\":\"https:\/\/seaevents.se\/#organization\"},\"potentialAction\":[{\"@type\":\"SearchAction\",\"target\":{\"@type\":\"EntryPoint\",\"urlTemplate\":\"https:\/\/seaevents.se\/?s={search_term_string}\"},\"query-input\":{\"@type\":\"PropertyValueSpecification\",\"valueRequired\":true,\"valueName\":\"search_term_string\"}}],\"inLanguage\":\"sv-SE\"},{\"@type\":\"Organization\",\"@id\":\"https:\/\/seaevents.se\/#organization\",\"name\":\"Sea Events\",\"url\":\"https:\/\/seaevents.se\/\",\"logo\":{\"@type\":\"ImageObject\",\"inLanguage\":\"sv-SE\",\"@id\":\"https:\/\/seaevents.se\/#\/schema\/logo\/image\/\",\"url\":\"https:\/\/seaevents.se\/wp-content\/uploads\/2016\/03\/sea-events-logo-hires.png\",\"contentUrl\":\"https:\/\/seaevents.se\/wp-content\/uploads\/2016\/03\/sea-events-logo-hires.png\",\"width\":993,\"height\":361,\"caption\":\"Sea Events\"},\"image\":{\"@id\":\"https:\/\/seaevents.se\/#\/schema\/logo\/image\/\"}}]}<\/script>\n<!-- \/ Yoast SEO plugin. -->","yoast_head_json":{"title":"Samarbetspartners - Sea Events","description":"M\u00f6t v\u00e5ra samarbetspartners som erbjuder genuina sk\u00e4rg\u00e5rdsmilj\u00f6er och uppskattade platser f\u00f6r god mat och dryck och h\u00e4rliga upplevelser i sk\u00e4rg\u00e5rden.","robots":{"index":"index","follow":"follow","max-snippet":"max-snippet:-1","max-image-preview":"max-image-preview:large","max-video-preview":"max-video-preview:-1"},"canonical":"https:\/\/seaevents.se\/samarbetspartners-i-skargarden\/","og_locale":"sv_SE","og_type":"article","og_title":"Samarbetspartners - Sea Events","og_description":"M\u00f6t v\u00e5ra samarbetspartners som erbjuder genuina sk\u00e4rg\u00e5rdsmilj\u00f6er och uppskattade platser f\u00f6r god mat och dryck och h\u00e4rliga upplevelser i sk\u00e4rg\u00e5rden.","og_url":"https:\/\/seaevents.se\/samarbetspartners-i-skargarden\/","og_site_name":"Sea Events","article_modified_time":"2026-01-26T15:52:30+00:00","og_image":[{"width":2114,"height":1052,"url":"https:\/\/seaevents.se\/wp-content\/uploads\/2023\/02\/skaxxrmavbild-2023-02-11-kl.-16.37.57.jpg","type":"image\/jpeg"}],"twitter_card":"summary_large_image","twitter_misc":{"Ber\u00e4knad l\u00e4stid":"1 minut"},"schema":{"@context":"https:\/\/schema.org","@graph":[{"@type":"WebPage","@id":"https:\/\/seaevents.se\/samarbetspartners-i-skargarden\/","url":"https:\/\/seaevents.se\/samarbetspartners-i-skargarden\/","name":"Samarbetspartners - Sea Events","isPartOf":{"@id":"https:\/\/seaevents.se\/#website"},"primaryImageOfPage":{"@id":"https:\/\/seaevents.se\/samarbetspartners-i-skargarden\/#primaryimage"},"image":{"@id":"https:\/\/seaevents.se\/samarbetspartners-i-skargarden\/#primaryimage"},"thumbnailUrl":"https:\/\/seaevents.se\/wp-content\/uploads\/2023\/02\/skaxxrmavbild-2023-02-11-kl.-16.37.57.jpg","datePublished":"2023-04-11T18:10:25+00:00","dateModified":"2026-01-26T15:52:30+00:00","description":"M\u00f6t v\u00e5ra samarbetspartners som erbjuder genuina sk\u00e4rg\u00e5rdsmilj\u00f6er och uppskattade platser f\u00f6r god mat och dryck och h\u00e4rliga upplevelser i sk\u00e4rg\u00e5rden.","breadcrumb":{"@id":"https:\/\/seaevents.se\/samarbetspartners-i-skargarden\/#breadcrumb"},"inLanguage":"sv-SE","potentialAction":[{"@type":"ReadAction","target":["https:\/\/seaevents.se\/samarbetspartners-i-skargarden\/"]}]},{"@type":"ImageObject","inLanguage":"sv-SE","@id":"https:\/\/seaevents.se\/samarbetspartners-i-skargarden\/#primaryimage","url":"https:\/\/seaevents.se\/wp-content\/uploads\/2023\/02\/skaxxrmavbild-2023-02-11-kl.-16.37.57.jpg","contentUrl":"https:\/\/seaevents.se\/wp-content\/uploads\/2023\/02\/skaxxrmavbild-2023-02-11-kl.-16.37.57.jpg","width":2114,"height":1052,"caption":"private dining med ribb\u00e5t"},{"@type":"BreadcrumbList","@id":"https:\/\/seaevents.se\/samarbetspartners-i-skargarden\/#breadcrumb","itemListElement":[{"@type":"ListItem","position":1,"name":"Hem","item":"https:\/\/seaevents.se\/"},{"@type":"ListItem","position":2,"name":"Samarbetspartners"}]},{"@type":"WebSite","@id":"https:\/\/seaevents.se\/#website","url":"https:\/\/seaevents.se\/","name":"Sea Events","description":"","publisher":{"@id":"https:\/\/seaevents.se\/#organization"},"potentialAction":[{"@type":"SearchAction","target":{"@type":"EntryPoint","urlTemplate":"https:\/\/seaevents.se\/?s={search_term_string}"},"query-input":{"@type":"PropertyValueSpecification","valueRequired":true,"valueName":"search_term_string"}}],"inLanguage":"sv-SE"},{"@type":"Organization","@id":"https:\/\/seaevents.se\/#organization","name":"Sea Events","url":"https:\/\/seaevents.se\/","logo":{"@type":"ImageObject","inLanguage":"sv-SE","@id":"https:\/\/seaevents.se\/#\/schema\/logo\/image\/","url":"https:\/\/seaevents.se\/wp-content\/uploads\/2016\/03\/sea-events-logo-hires.png","contentUrl":"https:\/\/seaevents.se\/wp-content\/uploads\/2016\/03\/sea-events-logo-hires.png","width":993,"height":361,"caption":"Sea Events"},"image":{"@id":"https:\/\/seaevents.se\/#\/schema\/logo\/image\/"}}]}},"_links":{"self":[{"href":"https:\/\/seaevents.se\/index.php?rest_route=\/wp\/v2\/pages\/2832","targetHints":{"allow":["GET"]}}],"collection":[{"href":"https:\/\/seaevents.se\/index.php?rest_route=\/wp\/v2\/pages"}],"about":[{"href":"https:\/\/seaevents.se\/index.php?rest_route=\/wp\/v2\/types\/page"}],"author":[{"embeddable":true,"href":"https:\/\/seaevents.se\/index.php?rest_route=\/wp\/v2\/users\/26"}],"replies":[{"embeddable":true,"href":"https:\/\/seaevents.se\/index.php?rest_route=%2Fwp%2Fv2%2Fcomments&post=2832"}],"version-history":[{"count":12,"href":"https:\/\/seaevents.se\/index.php?rest_route=\/wp\/v2\/pages\/2832\/revisions"}],"predecessor-version":[{"id":3014,"href":"https:\/\/seaevents.se\/index.php?rest_route=\/wp\/v2\/pages\/2832\/revisions\/3014"}],"wp:featuredmedia":[{"embeddable":true,"href":"https:\/\/seaevents.se\/index.php?rest_route=\/wp\/v2\/media\/2651"}],"wp:attachment":[{"href":"https:\/\/seaevents.se\/index.php?rest_route=%2Fwp%2Fv2%2Fmedia&parent=2832"}],"curies":[{"name":"wp","href":"https:\/\/api.w.org\/{rel}","templated":true}]}}