{"id":2369,"date":"2022-02-16T11:24:19","date_gmt":"2022-02-16T10:24:19","guid":{"rendered":"https:\/\/seaevents.se\/?page_id=2369"},"modified":"2023-01-12T12:01:51","modified_gmt":"2023-01-12T11:01:51","slug":"om-oss-2-2","status":"publish","type":"page","link":"https:\/\/seaevents.se\/om-oss-2-2\/","title":{"rendered":"V\u00e5ra Ribb\u00e5tar"},"content":{"rendered":"<div id=\"pl-2369\"  class=\"panel-layout\" ><div id=\"pg-2369-0\"  class=\"panel-grid panel-no-style\" ><div id=\"pgc-2369-0-0\"  class=\"panel-grid-cell\" ><div id=\"panel-2369-0-0-0\" class=\"so-panel widget widget_sow-editor panel-first-child panel-last-child\" data-index=\"0\" ><div\n\t\t\t\n\t\t\tclass=\"so-widget-sow-editor so-widget-sow-editor-base\"\n\t\t\t\n\t\t>\n<div class=\"siteorigin-widget-tinymce textwidget\">\n\t<h2>Ribb\u00e5tar<\/h2>\n<p>V\u00e5r flotta best\u00e5r av fem Agapi 900 Open. RIB betyder Rigid Inflatable Boat, en b\u00e5t med styvt skrov och gummipontoner. B\u00e5tarna \u00e4r relativt l\u00e4tta i f\u00f6rh\u00e5llande till sin storlek, kan g\u00e5 mycket snabbt och har h\u00f6g sj\u00f6v\u00e4rdighet med h\u00f6g stabilitet. Varje b\u00e5t tar 12 g\u00e4ster. Med v\u00e5ra egna b\u00e5tar kan vi v\u00e4lkomna 60 g\u00e4ster och tillsammans med v\u00e5ra v\u00e4nner ordnar vi event f\u00f6r fler \u00e4n 200 g\u00e4ster.\u00a0B\u00e5tarna \u00e4r trailerbara vilket g\u00f6r att vi kan st\u00e4lla upp \u00f6verallt.<\/p>\n<p class=\"description\"><img decoding=\"async\" class=\"size-medium wp-image-1501 alignnone\" src=\"https:\/\/seaevents.se\/wp-content\/uploads\/2018\/02\/seaevents-74-300x200.jpg\" alt=\"\" \/><img loading=\"lazy\" decoding=\"async\" class=\"wp-image-1500 size-medium alignnone\" src=\"https:\/\/seaevents.se\/wp-content\/uploads\/2018\/02\/seaevents-73-300x200.jpg\" alt=\"\" width=\"300\" height=\"200\" \/><img loading=\"lazy\" decoding=\"async\" width=\"300\" height=\"200\" class=\"alignnone size-medium wp-image-1508\" src=\"https:\/\/seaevents.se\/wp-content\/uploads\/2018\/02\/seaevents-91-300x200.jpg\" alt=\"\" \/><\/p>\n<p class=\"description\">B\u00e5tarna \u00e4r utrustade med 5,3 liters Yamaha V8 motorer som ger 350 h\u00e4stkrafter. Vi k\u00f6r i 45 knop (83,3 km\/h). Motorerna \u00e4r av senaste\u00a0fyrtaktsteknik och klarar h\u00f6gt st\u00e4llda milj\u00f6krav inom marinomr\u00e5det. Ombord finns elektroniska sj\u00f6kortsplottrar, VHF, AIS\u00a0och h\u00f6gfartsradar. Varken m\u00f6rker eller dimma \u00e4r problem f\u00f6r oss.<\/p>\n<\/div>\n<\/div><\/div><\/div><\/div><\/div>","protected":false},"excerpt":{"rendered":"<p>Ribb\u00e5ta. V\u00e5r flotta best\u00e5r av fem Agapi 900 Open. RIB betyder Rigid Inflatable Boat, en b\u00e5t med styvt skrov och gummipontoner. B\u00e5tarna \u00e4r relativt l\u00e4tta i f\u00f6rh\u00e5llande till sin storlek, kan g\u00e5 mycket snabbt och har h\u00f6g sj\u00f6v\u00e4rdighet med h\u00f6g stabilitet.<\/p>\n","protected":false},"author":33,"featured_media":1467,"parent":0,"menu_order":23,"comment_status":"closed","ping_status":"closed","template":"","meta":{"_acf_changed":false,"_monsterinsights_skip_tracking":false,"_monsterinsights_sitenote_active":false,"_monsterinsights_sitenote_note":"","_monsterinsights_sitenote_category":0,"footnotes":""},"class_list":["post-2369","page","type-page","status-publish","has-post-thumbnail","hentry"],"acf":[],"yoast_head":"<!-- This site is optimized with the Yoast SEO plugin v26.9 - https:\/\/yoast.com\/product\/yoast-seo-wordpress\/ -->\n<title>Ribb\u00e5tar med kaptener som k\u00e4nner sk\u00e4rg\u00e5rden<\/title>\n<meta name=\"description\" content=\"Med v\u00e5ra ribb\u00e5tar tar vi upp till 60 personer och tillsammans med v\u00e5ra v\u00e4nner ordnar vi event f\u00f6r 200 personer.\" \/>\n<meta name=\"robots\" content=\"index, follow, max-snippet:-1, max-image-preview:large, max-video-preview:-1\" \/>\n<link rel=\"canonical\" href=\"https:\/\/seaevents.se\/om-oss-2-2\/\" \/>\n<meta property=\"og:locale\" content=\"sv_SE\" \/>\n<meta property=\"og:type\" content=\"article\" \/>\n<meta property=\"og:title\" content=\"Ribb\u00e5tar med kaptener som k\u00e4nner sk\u00e4rg\u00e5rden\" \/>\n<meta property=\"og:description\" content=\"Med v\u00e5ra ribb\u00e5tar tar vi upp till 60 personer och tillsammans med v\u00e5ra v\u00e4nner ordnar vi event f\u00f6r 200 personer.\" \/>\n<meta property=\"og:url\" content=\"https:\/\/seaevents.se\/om-oss-2-2\/\" \/>\n<meta property=\"og:site_name\" content=\"Sea Events\" \/>\n<meta property=\"article:modified_time\" content=\"2023-01-12T11:01:51+00:00\" \/>\n<meta property=\"og:image\" content=\"https:\/\/seaevents.se\/wp-content\/uploads\/2018\/02\/seaevents-18-e1518882682281.jpg\" \/>\n\t<meta property=\"og:image:width\" content=\"1353\" \/>\n\t<meta property=\"og:image:height\" content=\"502\" \/>\n\t<meta property=\"og:image:type\" content=\"image\/jpeg\" \/>\n<meta name=\"twitter:card\" content=\"summary_large_image\" \/>\n<meta name=\"twitter:label1\" content=\"Ber\u00e4knad l\u00e4stid\" \/>\n\t<meta name=\"twitter:data1\" content=\"1 minut\" \/>\n<script type=\"application\/ld+json\" class=\"yoast-schema-graph\">{\"@context\":\"https:\/\/schema.org\",\"@graph\":[{\"@type\":\"WebPage\",\"@id\":\"https:\/\/seaevents.se\/om-oss-2-2\/\",\"url\":\"https:\/\/seaevents.se\/om-oss-2-2\/\",\"name\":\"Ribb\u00e5tar med kaptener som k\u00e4nner sk\u00e4rg\u00e5rden\",\"isPartOf\":{\"@id\":\"https:\/\/seaevents.se\/#website\"},\"primaryImageOfPage\":{\"@id\":\"https:\/\/seaevents.se\/om-oss-2-2\/#primaryimage\"},\"image\":{\"@id\":\"https:\/\/seaevents.se\/om-oss-2-2\/#primaryimage\"},\"thumbnailUrl\":\"https:\/\/seaevents.se\/wp-content\/uploads\/2018\/02\/seaevents-18-e1518882682281.jpg\",\"datePublished\":\"2022-02-16T10:24:19+00:00\",\"dateModified\":\"2023-01-12T11:01:51+00:00\",\"description\":\"Med v\u00e5ra ribb\u00e5tar tar vi upp till 60 personer och tillsammans med v\u00e5ra v\u00e4nner ordnar vi event f\u00f6r 200 personer.\",\"breadcrumb\":{\"@id\":\"https:\/\/seaevents.se\/om-oss-2-2\/#breadcrumb\"},\"inLanguage\":\"sv-SE\",\"potentialAction\":[{\"@type\":\"ReadAction\",\"target\":[\"https:\/\/seaevents.se\/om-oss-2-2\/\"]}]},{\"@type\":\"ImageObject\",\"inLanguage\":\"sv-SE\",\"@id\":\"https:\/\/seaevents.se\/om-oss-2-2\/#primaryimage\",\"url\":\"https:\/\/seaevents.se\/wp-content\/uploads\/2018\/02\/seaevents-18-e1518882682281.jpg\",\"contentUrl\":\"https:\/\/seaevents.se\/wp-content\/uploads\/2018\/02\/seaevents-18-e1518882682281.jpg\",\"width\":1353,\"height\":502,\"caption\":\"Ribb\u00e5t i stilla vatten\"},{\"@type\":\"BreadcrumbList\",\"@id\":\"https:\/\/seaevents.se\/om-oss-2-2\/#breadcrumb\",\"itemListElement\":[{\"@type\":\"ListItem\",\"position\":1,\"name\":\"Hem\",\"item\":\"https:\/\/seaevents.se\/\"},{\"@type\":\"ListItem\",\"position\":2,\"name\":\"V\u00e5ra Ribb\u00e5tar\"}]},{\"@type\":\"WebSite\",\"@id\":\"https:\/\/seaevents.se\/#website\",\"url\":\"https:\/\/seaevents.se\/\",\"name\":\"Sea Events\",\"description\":\"\",\"publisher\":{\"@id\":\"https:\/\/seaevents.se\/#organization\"},\"potentialAction\":[{\"@type\":\"SearchAction\",\"target\":{\"@type\":\"EntryPoint\",\"urlTemplate\":\"https:\/\/seaevents.se\/?s={search_term_string}\"},\"query-input\":{\"@type\":\"PropertyValueSpecification\",\"valueRequired\":true,\"valueName\":\"search_term_string\"}}],\"inLanguage\":\"sv-SE\"},{\"@type\":\"Organization\",\"@id\":\"https:\/\/seaevents.se\/#organization\",\"name\":\"Sea Events\",\"url\":\"https:\/\/seaevents.se\/\",\"logo\":{\"@type\":\"ImageObject\",\"inLanguage\":\"sv-SE\",\"@id\":\"https:\/\/seaevents.se\/#\/schema\/logo\/image\/\",\"url\":\"https:\/\/seaevents.se\/wp-content\/uploads\/2016\/03\/sea-events-logo-hires.png\",\"contentUrl\":\"https:\/\/seaevents.se\/wp-content\/uploads\/2016\/03\/sea-events-logo-hires.png\",\"width\":993,\"height\":361,\"caption\":\"Sea Events\"},\"image\":{\"@id\":\"https:\/\/seaevents.se\/#\/schema\/logo\/image\/\"}}]}<\/script>\n<!-- \/ Yoast SEO plugin. -->","yoast_head_json":{"title":"Ribb\u00e5tar med kaptener som k\u00e4nner sk\u00e4rg\u00e5rden","description":"Med v\u00e5ra ribb\u00e5tar tar vi upp till 60 personer och tillsammans med v\u00e5ra v\u00e4nner ordnar vi event f\u00f6r 200 personer.","robots":{"index":"index","follow":"follow","max-snippet":"max-snippet:-1","max-image-preview":"max-image-preview:large","max-video-preview":"max-video-preview:-1"},"canonical":"https:\/\/seaevents.se\/om-oss-2-2\/","og_locale":"sv_SE","og_type":"article","og_title":"Ribb\u00e5tar med kaptener som k\u00e4nner sk\u00e4rg\u00e5rden","og_description":"Med v\u00e5ra ribb\u00e5tar tar vi upp till 60 personer och tillsammans med v\u00e5ra v\u00e4nner ordnar vi event f\u00f6r 200 personer.","og_url":"https:\/\/seaevents.se\/om-oss-2-2\/","og_site_name":"Sea Events","article_modified_time":"2023-01-12T11:01:51+00:00","og_image":[{"width":1353,"height":502,"url":"https:\/\/seaevents.se\/wp-content\/uploads\/2018\/02\/seaevents-18-e1518882682281.jpg","type":"image\/jpeg"}],"twitter_card":"summary_large_image","twitter_misc":{"Ber\u00e4knad l\u00e4stid":"1 minut"},"schema":{"@context":"https:\/\/schema.org","@graph":[{"@type":"WebPage","@id":"https:\/\/seaevents.se\/om-oss-2-2\/","url":"https:\/\/seaevents.se\/om-oss-2-2\/","name":"Ribb\u00e5tar med kaptener som k\u00e4nner sk\u00e4rg\u00e5rden","isPartOf":{"@id":"https:\/\/seaevents.se\/#website"},"primaryImageOfPage":{"@id":"https:\/\/seaevents.se\/om-oss-2-2\/#primaryimage"},"image":{"@id":"https:\/\/seaevents.se\/om-oss-2-2\/#primaryimage"},"thumbnailUrl":"https:\/\/seaevents.se\/wp-content\/uploads\/2018\/02\/seaevents-18-e1518882682281.jpg","datePublished":"2022-02-16T10:24:19+00:00","dateModified":"2023-01-12T11:01:51+00:00","description":"Med v\u00e5ra ribb\u00e5tar tar vi upp till 60 personer och tillsammans med v\u00e5ra v\u00e4nner ordnar vi event f\u00f6r 200 personer.","breadcrumb":{"@id":"https:\/\/seaevents.se\/om-oss-2-2\/#breadcrumb"},"inLanguage":"sv-SE","potentialAction":[{"@type":"ReadAction","target":["https:\/\/seaevents.se\/om-oss-2-2\/"]}]},{"@type":"ImageObject","inLanguage":"sv-SE","@id":"https:\/\/seaevents.se\/om-oss-2-2\/#primaryimage","url":"https:\/\/seaevents.se\/wp-content\/uploads\/2018\/02\/seaevents-18-e1518882682281.jpg","contentUrl":"https:\/\/seaevents.se\/wp-content\/uploads\/2018\/02\/seaevents-18-e1518882682281.jpg","width":1353,"height":502,"caption":"Ribb\u00e5t i stilla vatten"},{"@type":"BreadcrumbList","@id":"https:\/\/seaevents.se\/om-oss-2-2\/#breadcrumb","itemListElement":[{"@type":"ListItem","position":1,"name":"Hem","item":"https:\/\/seaevents.se\/"},{"@type":"ListItem","position":2,"name":"V\u00e5ra Ribb\u00e5tar"}]},{"@type":"WebSite","@id":"https:\/\/seaevents.se\/#website","url":"https:\/\/seaevents.se\/","name":"Sea Events","description":"","publisher":{"@id":"https:\/\/seaevents.se\/#organization"},"potentialAction":[{"@type":"SearchAction","target":{"@type":"EntryPoint","urlTemplate":"https:\/\/seaevents.se\/?s={search_term_string}"},"query-input":{"@type":"PropertyValueSpecification","valueRequired":true,"valueName":"search_term_string"}}],"inLanguage":"sv-SE"},{"@type":"Organization","@id":"https:\/\/seaevents.se\/#organization","name":"Sea Events","url":"https:\/\/seaevents.se\/","logo":{"@type":"ImageObject","inLanguage":"sv-SE","@id":"https:\/\/seaevents.se\/#\/schema\/logo\/image\/","url":"https:\/\/seaevents.se\/wp-content\/uploads\/2016\/03\/sea-events-logo-hires.png","contentUrl":"https:\/\/seaevents.se\/wp-content\/uploads\/2016\/03\/sea-events-logo-hires.png","width":993,"height":361,"caption":"Sea Events"},"image":{"@id":"https:\/\/seaevents.se\/#\/schema\/logo\/image\/"}}]}},"_links":{"self":[{"href":"https:\/\/seaevents.se\/index.php?rest_route=\/wp\/v2\/pages\/2369","targetHints":{"allow":["GET"]}}],"collection":[{"href":"https:\/\/seaevents.se\/index.php?rest_route=\/wp\/v2\/pages"}],"about":[{"href":"https:\/\/seaevents.se\/index.php?rest_route=\/wp\/v2\/types\/page"}],"author":[{"embeddable":true,"href":"https:\/\/seaevents.se\/index.php?rest_route=\/wp\/v2\/users\/33"}],"replies":[{"embeddable":true,"href":"https:\/\/seaevents.se\/index.php?rest_route=%2Fwp%2Fv2%2Fcomments&post=2369"}],"version-history":[{"count":2,"href":"https:\/\/seaevents.se\/index.php?rest_route=\/wp\/v2\/pages\/2369\/revisions"}],"predecessor-version":[{"id":2375,"href":"https:\/\/seaevents.se\/index.php?rest_route=\/wp\/v2\/pages\/2369\/revisions\/2375"}],"wp:featuredmedia":[{"embeddable":true,"href":"https:\/\/seaevents.se\/index.php?rest_route=\/wp\/v2\/media\/1467"}],"wp:attachment":[{"href":"https:\/\/seaevents.se\/index.php?rest_route=%2Fwp%2Fv2%2Fmedia&parent=2369"}],"curies":[{"name":"wp","href":"https:\/\/api.w.org\/{rel}","templated":true}]}}