{"id":2017,"date":"2022-02-03T17:31:32","date_gmt":"2022-02-03T16:31:32","guid":{"rendered":"https:\/\/seaevents.se\/?page_id=2017"},"modified":"2023-03-08T17:46:51","modified_gmt":"2023-03-08T16:46:51","slug":"hem","status":"publish","type":"page","link":"https:\/\/seaevents.se\/hem\/","title":{"rendered":"Hem"},"content":{"rendered":"","protected":false},"excerpt":{"rendered":"","protected":false},"author":33,"featured_media":0,"parent":0,"menu_order":5,"comment_status":"closed","ping_status":"closed","template":"page-with-blocks.php","meta":{"_acf_changed":false,"_monsterinsights_skip_tracking":false,"_monsterinsights_sitenote_active":false,"_monsterinsights_sitenote_note":"","_monsterinsights_sitenote_category":0,"footnotes":""},"class_list":["post-2017","page","type-page","status-publish","hentry"],"acf":[],"yoast_head":"<!-- This site is optimized with the Yoast SEO plugin v26.9 - https:\/\/yoast.com\/product\/yoast-seo-wordpress\/ -->\n<title>Ribb\u00e5t i Stockholms sk\u00e4rg\u00e5rd, unika event &amp; upplevelser | Sea Events<\/title>\n<meta name=\"description\" content=\"Med ribb\u00e5t i Stockholms Sk\u00e4rg\u00e5rd skapar vi fantastiska naturupplevelser, attraktiva event, sp\u00e4nnande konferenser och minnen f\u00f6r livet.\" \/>\n<meta name=\"robots\" content=\"index, follow, max-snippet:-1, max-image-preview:large, max-video-preview:-1\" \/>\n<link rel=\"canonical\" href=\"https:\/\/seaevents.se\/hem\/\" \/>\n<meta property=\"og:locale\" content=\"sv_SE\" \/>\n<meta property=\"og:type\" content=\"article\" \/>\n<meta property=\"og:title\" content=\"Ribb\u00e5t i Stockholms sk\u00e4rg\u00e5rd, unika event &amp; upplevelser | Sea Events\" \/>\n<meta property=\"og:description\" content=\"Med ribb\u00e5t i Stockholms Sk\u00e4rg\u00e5rd skapar vi fantastiska naturupplevelser, attraktiva event, sp\u00e4nnande konferenser och minnen f\u00f6r livet.\" \/>\n<meta property=\"og:url\" content=\"https:\/\/seaevents.se\/hem\/\" \/>\n<meta property=\"og:site_name\" content=\"Sea Events\" \/>\n<meta property=\"article:modified_time\" content=\"2023-03-08T16:46:51+00:00\" \/>\n<meta name=\"twitter:card\" content=\"summary_large_image\" \/>\n<meta name=\"twitter:label1\" content=\"Ber\u00e4knad l\u00e4stid\" \/>\n\t<meta name=\"twitter:data1\" content=\"2 minuter\" \/>\n<script type=\"application\/ld+json\" class=\"yoast-schema-graph\">{\"@context\":\"https:\/\/schema.org\",\"@graph\":[{\"@type\":\"WebPage\",\"@id\":\"https:\/\/seaevents.se\/hem\/\",\"url\":\"https:\/\/seaevents.se\/hem\/\",\"name\":\"Ribb\u00e5t i Stockholms sk\u00e4rg\u00e5rd, unika event & upplevelser | Sea Events\",\"isPartOf\":{\"@id\":\"https:\/\/seaevents.se\/#website\"},\"datePublished\":\"2022-02-03T16:31:32+00:00\",\"dateModified\":\"2023-03-08T16:46:51+00:00\",\"description\":\"Med ribb\u00e5t i Stockholms Sk\u00e4rg\u00e5rd skapar vi fantastiska naturupplevelser, attraktiva event, sp\u00e4nnande konferenser och minnen f\u00f6r livet.\",\"breadcrumb\":{\"@id\":\"https:\/\/seaevents.se\/hem\/#breadcrumb\"},\"inLanguage\":\"sv-SE\",\"potentialAction\":[{\"@type\":\"ReadAction\",\"target\":[\"https:\/\/seaevents.se\/hem\/\"]}]},{\"@type\":\"BreadcrumbList\",\"@id\":\"https:\/\/seaevents.se\/hem\/#breadcrumb\",\"itemListElement\":[{\"@type\":\"ListItem\",\"position\":1,\"name\":\"Hem\",\"item\":\"https:\/\/seaevents.se\/\"},{\"@type\":\"ListItem\",\"position\":2,\"name\":\"Hem\"}]},{\"@type\":\"WebSite\",\"@id\":\"https:\/\/seaevents.se\/#website\",\"url\":\"https:\/\/seaevents.se\/\",\"name\":\"Sea Events\",\"description\":\"\",\"publisher\":{\"@id\":\"https:\/\/seaevents.se\/#organization\"},\"potentialAction\":[{\"@type\":\"SearchAction\",\"target\":{\"@type\":\"EntryPoint\",\"urlTemplate\":\"https:\/\/seaevents.se\/?s={search_term_string}\"},\"query-input\":{\"@type\":\"PropertyValueSpecification\",\"valueRequired\":true,\"valueName\":\"search_term_string\"}}],\"inLanguage\":\"sv-SE\"},{\"@type\":\"Organization\",\"@id\":\"https:\/\/seaevents.se\/#organization\",\"name\":\"Sea Events\",\"url\":\"https:\/\/seaevents.se\/\",\"logo\":{\"@type\":\"ImageObject\",\"inLanguage\":\"sv-SE\",\"@id\":\"https:\/\/seaevents.se\/#\/schema\/logo\/image\/\",\"url\":\"https:\/\/seaevents.se\/wp-content\/uploads\/2016\/03\/sea-events-logo-hires.png\",\"contentUrl\":\"https:\/\/seaevents.se\/wp-content\/uploads\/2016\/03\/sea-events-logo-hires.png\",\"width\":993,\"height\":361,\"caption\":\"Sea Events\"},\"image\":{\"@id\":\"https:\/\/seaevents.se\/#\/schema\/logo\/image\/\"}}]}<\/script>\n<!-- \/ Yoast SEO plugin. -->","yoast_head_json":{"title":"Ribb\u00e5t i Stockholms sk\u00e4rg\u00e5rd, unika event & upplevelser | Sea Events","description":"Med ribb\u00e5t i Stockholms Sk\u00e4rg\u00e5rd skapar vi fantastiska naturupplevelser, attraktiva event, sp\u00e4nnande konferenser och minnen f\u00f6r livet.","robots":{"index":"index","follow":"follow","max-snippet":"max-snippet:-1","max-image-preview":"max-image-preview:large","max-video-preview":"max-video-preview:-1"},"canonical":"https:\/\/seaevents.se\/hem\/","og_locale":"sv_SE","og_type":"article","og_title":"Ribb\u00e5t i Stockholms sk\u00e4rg\u00e5rd, unika event & upplevelser | Sea Events","og_description":"Med ribb\u00e5t i Stockholms Sk\u00e4rg\u00e5rd skapar vi fantastiska naturupplevelser, attraktiva event, sp\u00e4nnande konferenser och minnen f\u00f6r livet.","og_url":"https:\/\/seaevents.se\/hem\/","og_site_name":"Sea Events","article_modified_time":"2023-03-08T16:46:51+00:00","twitter_card":"summary_large_image","twitter_misc":{"Ber\u00e4knad l\u00e4stid":"2 minuter"},"schema":{"@context":"https:\/\/schema.org","@graph":[{"@type":"WebPage","@id":"https:\/\/seaevents.se\/hem\/","url":"https:\/\/seaevents.se\/hem\/","name":"Ribb\u00e5t i Stockholms sk\u00e4rg\u00e5rd, unika event & upplevelser | Sea Events","isPartOf":{"@id":"https:\/\/seaevents.se\/#website"},"datePublished":"2022-02-03T16:31:32+00:00","dateModified":"2023-03-08T16:46:51+00:00","description":"Med ribb\u00e5t i Stockholms Sk\u00e4rg\u00e5rd skapar vi fantastiska naturupplevelser, attraktiva event, sp\u00e4nnande konferenser och minnen f\u00f6r livet.","breadcrumb":{"@id":"https:\/\/seaevents.se\/hem\/#breadcrumb"},"inLanguage":"sv-SE","potentialAction":[{"@type":"ReadAction","target":["https:\/\/seaevents.se\/hem\/"]}]},{"@type":"BreadcrumbList","@id":"https:\/\/seaevents.se\/hem\/#breadcrumb","itemListElement":[{"@type":"ListItem","position":1,"name":"Hem","item":"https:\/\/seaevents.se\/"},{"@type":"ListItem","position":2,"name":"Hem"}]},{"@type":"WebSite","@id":"https:\/\/seaevents.se\/#website","url":"https:\/\/seaevents.se\/","name":"Sea Events","description":"","publisher":{"@id":"https:\/\/seaevents.se\/#organization"},"potentialAction":[{"@type":"SearchAction","target":{"@type":"EntryPoint","urlTemplate":"https:\/\/seaevents.se\/?s={search_term_string}"},"query-input":{"@type":"PropertyValueSpecification","valueRequired":true,"valueName":"search_term_string"}}],"inLanguage":"sv-SE"},{"@type":"Organization","@id":"https:\/\/seaevents.se\/#organization","name":"Sea Events","url":"https:\/\/seaevents.se\/","logo":{"@type":"ImageObject","inLanguage":"sv-SE","@id":"https:\/\/seaevents.se\/#\/schema\/logo\/image\/","url":"https:\/\/seaevents.se\/wp-content\/uploads\/2016\/03\/sea-events-logo-hires.png","contentUrl":"https:\/\/seaevents.se\/wp-content\/uploads\/2016\/03\/sea-events-logo-hires.png","width":993,"height":361,"caption":"Sea Events"},"image":{"@id":"https:\/\/seaevents.se\/#\/schema\/logo\/image\/"}}]}},"_links":{"self":[{"href":"https:\/\/seaevents.se\/index.php?rest_route=\/wp\/v2\/pages\/2017","targetHints":{"allow":["GET"]}}],"collection":[{"href":"https:\/\/seaevents.se\/index.php?rest_route=\/wp\/v2\/pages"}],"about":[{"href":"https:\/\/seaevents.se\/index.php?rest_route=\/wp\/v2\/types\/page"}],"author":[{"embeddable":true,"href":"https:\/\/seaevents.se\/index.php?rest_route=\/wp\/v2\/users\/33"}],"replies":[{"embeddable":true,"href":"https:\/\/seaevents.se\/index.php?rest_route=%2Fwp%2Fv2%2Fcomments&post=2017"}],"version-history":[{"count":5,"href":"https:\/\/seaevents.se\/index.php?rest_route=\/wp\/v2\/pages\/2017\/revisions"}],"predecessor-version":[{"id":2826,"href":"https:\/\/seaevents.se\/index.php?rest_route=\/wp\/v2\/pages\/2017\/revisions\/2826"}],"wp:attachment":[{"href":"https:\/\/seaevents.se\/index.php?rest_route=%2Fwp%2Fv2%2Fmedia&parent=2017"}],"curies":[{"name":"wp","href":"https:\/\/api.w.org\/{rel}","templated":true}]}}