{"id":1421,"date":"2018-01-24T11:16:42","date_gmt":"2018-01-24T10:16:42","guid":{"rendered":"https:\/\/seaevents.se\/?page_id=1421"},"modified":"2018-02-18T14:33:14","modified_gmt":"2018-02-18T13:33:14","slug":"tack","status":"publish","type":"page","link":"https:\/\/seaevents.se\/tack\/","title":{"rendered":"Tack"},"content":{"rendered":"<div id=\"pl-1421\"  class=\"panel-layout\" ><div id=\"pg-1421-0\"  class=\"panel-grid panel-no-style\" ><div id=\"pgc-1421-0-0\"  class=\"panel-grid-cell\" ><div id=\"panel-1421-0-0-0\" class=\"so-panel widget widget_sow-editor panel-first-child\" data-index=\"0\" ><div\n\t\t\t\n\t\t\tclass=\"so-widget-sow-editor so-widget-sow-editor-base\"\n\t\t\t\n\t\t>\n<div class=\"siteorigin-widget-tinymce textwidget\">\n\t<p>Tack f\u00f6r ditt meddelande. Vi \u00e5terkommer till dig s\u00e5 snabbt som m\u00f6jligt.<\/p>\n<\/div>\n<\/div><\/div><div id=\"panel-1421-0-0-1\" class=\"widget_text so-panel widget widget_custom_html panel-last-child\" data-index=\"1\" ><div class=\"textwidget custom-html-widget\"><!-- Google Code for Boka event Conversion Page -->\n<script type=\"text\/javascript\">\n\/* <![CDATA[ *\/\nvar google_conversion_id = 820499427;\nvar google_conversion_label = \"F1gJCOWOxXsQ46efhwM\";\nvar google_remarketing_only = false;\n\/* ]]> *\/\n<\/script>\n<script type=\"text\/javascript\" \nsrc=\"\/\/www.googleadservices.com\/pagead\/conversion.js\">\n<\/script>\n<noscript>\n<div style=\"display:inline;\">\n<img height=\"1\" width=\"1\" style=\"border-style:none;\" alt=\"\" \nsrc=\"\/\/www.googleadservices.com\/pagead\/conversion\/820499427\/?label=F1gJCOWOxXsQ46efhwM&guid=ON&script=0\"\/>\n<\/div>\n<\/noscript><\/div><\/div><\/div><\/div><\/div>","protected":false},"excerpt":{"rendered":"<p>Tack f\u00f6r ditt meddelande. Vi \u00e5terkommer till dig s\u00e5 snabbt som m\u00f6jlig. <\/p>\n","protected":false},"author":33,"featured_media":0,"parent":0,"menu_order":7,"comment_status":"closed","ping_status":"closed","template":"","meta":{"_acf_changed":false,"_monsterinsights_skip_tracking":false,"_monsterinsights_sitenote_active":false,"_monsterinsights_sitenote_note":"","_monsterinsights_sitenote_category":0,"footnotes":""},"class_list":["post-1421","page","type-page","status-publish","hentry"],"acf":[],"yoast_head":"<!-- This site is optimized with the Yoast SEO plugin v26.9 - https:\/\/yoast.com\/product\/yoast-seo-wordpress\/ -->\n<title>Tack - Sea Events<\/title>\n<meta name=\"robots\" content=\"index, follow, max-snippet:-1, max-image-preview:large, max-video-preview:-1\" \/>\n<link rel=\"canonical\" href=\"https:\/\/seaevents.se\/tack\/\" \/>\n<meta property=\"og:locale\" content=\"sv_SE\" \/>\n<meta property=\"og:type\" content=\"article\" \/>\n<meta property=\"og:title\" content=\"Tack - Sea Events\" \/>\n<meta property=\"og:description\" content=\"Tack f\u00f6r ditt meddelande. Vi \u00e5terkommer till dig s\u00e5 snabbt som m\u00f6jlig.\" \/>\n<meta property=\"og:url\" content=\"https:\/\/seaevents.se\/tack\/\" \/>\n<meta property=\"og:site_name\" content=\"Sea Events\" \/>\n<meta property=\"article:modified_time\" content=\"2018-02-18T13:33:14+00:00\" \/>\n<meta name=\"twitter:card\" content=\"summary_large_image\" \/>\n<script type=\"application\/ld+json\" class=\"yoast-schema-graph\">{\"@context\":\"https:\/\/schema.org\",\"@graph\":[{\"@type\":\"WebPage\",\"@id\":\"https:\/\/seaevents.se\/tack\/\",\"url\":\"https:\/\/seaevents.se\/tack\/\",\"name\":\"Tack - Sea Events\",\"isPartOf\":{\"@id\":\"https:\/\/seaevents.se\/#website\"},\"datePublished\":\"2018-01-24T10:16:42+00:00\",\"dateModified\":\"2018-02-18T13:33:14+00:00\",\"breadcrumb\":{\"@id\":\"https:\/\/seaevents.se\/tack\/#breadcrumb\"},\"inLanguage\":\"sv-SE\",\"potentialAction\":[{\"@type\":\"ReadAction\",\"target\":[\"https:\/\/seaevents.se\/tack\/\"]}]},{\"@type\":\"BreadcrumbList\",\"@id\":\"https:\/\/seaevents.se\/tack\/#breadcrumb\",\"itemListElement\":[{\"@type\":\"ListItem\",\"position\":1,\"name\":\"Hem\",\"item\":\"https:\/\/seaevents.se\/\"},{\"@type\":\"ListItem\",\"position\":2,\"name\":\"Tack\"}]},{\"@type\":\"WebSite\",\"@id\":\"https:\/\/seaevents.se\/#website\",\"url\":\"https:\/\/seaevents.se\/\",\"name\":\"Sea Events\",\"description\":\"\",\"publisher\":{\"@id\":\"https:\/\/seaevents.se\/#organization\"},\"potentialAction\":[{\"@type\":\"SearchAction\",\"target\":{\"@type\":\"EntryPoint\",\"urlTemplate\":\"https:\/\/seaevents.se\/?s={search_term_string}\"},\"query-input\":{\"@type\":\"PropertyValueSpecification\",\"valueRequired\":true,\"valueName\":\"search_term_string\"}}],\"inLanguage\":\"sv-SE\"},{\"@type\":\"Organization\",\"@id\":\"https:\/\/seaevents.se\/#organization\",\"name\":\"Sea Events\",\"url\":\"https:\/\/seaevents.se\/\",\"logo\":{\"@type\":\"ImageObject\",\"inLanguage\":\"sv-SE\",\"@id\":\"https:\/\/seaevents.se\/#\/schema\/logo\/image\/\",\"url\":\"https:\/\/seaevents.se\/wp-content\/uploads\/2016\/03\/sea-events-logo-hires.png\",\"contentUrl\":\"https:\/\/seaevents.se\/wp-content\/uploads\/2016\/03\/sea-events-logo-hires.png\",\"width\":993,\"height\":361,\"caption\":\"Sea Events\"},\"image\":{\"@id\":\"https:\/\/seaevents.se\/#\/schema\/logo\/image\/\"}}]}<\/script>\n<!-- \/ Yoast SEO plugin. -->","yoast_head_json":{"title":"Tack - Sea Events","robots":{"index":"index","follow":"follow","max-snippet":"max-snippet:-1","max-image-preview":"max-image-preview:large","max-video-preview":"max-video-preview:-1"},"canonical":"https:\/\/seaevents.se\/tack\/","og_locale":"sv_SE","og_type":"article","og_title":"Tack - Sea Events","og_description":"Tack f\u00f6r ditt meddelande. Vi \u00e5terkommer till dig s\u00e5 snabbt som m\u00f6jlig.","og_url":"https:\/\/seaevents.se\/tack\/","og_site_name":"Sea Events","article_modified_time":"2018-02-18T13:33:14+00:00","twitter_card":"summary_large_image","schema":{"@context":"https:\/\/schema.org","@graph":[{"@type":"WebPage","@id":"https:\/\/seaevents.se\/tack\/","url":"https:\/\/seaevents.se\/tack\/","name":"Tack - Sea Events","isPartOf":{"@id":"https:\/\/seaevents.se\/#website"},"datePublished":"2018-01-24T10:16:42+00:00","dateModified":"2018-02-18T13:33:14+00:00","breadcrumb":{"@id":"https:\/\/seaevents.se\/tack\/#breadcrumb"},"inLanguage":"sv-SE","potentialAction":[{"@type":"ReadAction","target":["https:\/\/seaevents.se\/tack\/"]}]},{"@type":"BreadcrumbList","@id":"https:\/\/seaevents.se\/tack\/#breadcrumb","itemListElement":[{"@type":"ListItem","position":1,"name":"Hem","item":"https:\/\/seaevents.se\/"},{"@type":"ListItem","position":2,"name":"Tack"}]},{"@type":"WebSite","@id":"https:\/\/seaevents.se\/#website","url":"https:\/\/seaevents.se\/","name":"Sea Events","description":"","publisher":{"@id":"https:\/\/seaevents.se\/#organization"},"potentialAction":[{"@type":"SearchAction","target":{"@type":"EntryPoint","urlTemplate":"https:\/\/seaevents.se\/?s={search_term_string}"},"query-input":{"@type":"PropertyValueSpecification","valueRequired":true,"valueName":"search_term_string"}}],"inLanguage":"sv-SE"},{"@type":"Organization","@id":"https:\/\/seaevents.se\/#organization","name":"Sea Events","url":"https:\/\/seaevents.se\/","logo":{"@type":"ImageObject","inLanguage":"sv-SE","@id":"https:\/\/seaevents.se\/#\/schema\/logo\/image\/","url":"https:\/\/seaevents.se\/wp-content\/uploads\/2016\/03\/sea-events-logo-hires.png","contentUrl":"https:\/\/seaevents.se\/wp-content\/uploads\/2016\/03\/sea-events-logo-hires.png","width":993,"height":361,"caption":"Sea Events"},"image":{"@id":"https:\/\/seaevents.se\/#\/schema\/logo\/image\/"}}]}},"_links":{"self":[{"href":"https:\/\/seaevents.se\/index.php?rest_route=\/wp\/v2\/pages\/1421","targetHints":{"allow":["GET"]}}],"collection":[{"href":"https:\/\/seaevents.se\/index.php?rest_route=\/wp\/v2\/pages"}],"about":[{"href":"https:\/\/seaevents.se\/index.php?rest_route=\/wp\/v2\/types\/page"}],"author":[{"embeddable":true,"href":"https:\/\/seaevents.se\/index.php?rest_route=\/wp\/v2\/users\/33"}],"replies":[{"embeddable":true,"href":"https:\/\/seaevents.se\/index.php?rest_route=%2Fwp%2Fv2%2Fcomments&post=1421"}],"version-history":[{"count":6,"href":"https:\/\/seaevents.se\/index.php?rest_route=\/wp\/v2\/pages\/1421\/revisions"}],"predecessor-version":[{"id":1541,"href":"https:\/\/seaevents.se\/index.php?rest_route=\/wp\/v2\/pages\/1421\/revisions\/1541"}],"wp:attachment":[{"href":"https:\/\/seaevents.se\/index.php?rest_route=%2Fwp%2Fv2%2Fmedia&parent=1421"}],"curies":[{"name":"wp","href":"https:\/\/api.w.org\/{rel}","templated":true}]}}