{"id":1313,"date":"2017-11-13T12:21:52","date_gmt":"2017-11-13T11:21:52","guid":{"rendered":"https:\/\/seaevents.se\/?page_id=1313"},"modified":"2025-01-27T10:55:40","modified_gmt":"2025-01-27T09:55:40","slug":"sakerhet-ombord","status":"publish","type":"page","link":"https:\/\/seaevents.se\/sakerhet-ombord\/","title":{"rendered":"S\u00e4kerhet ombord"},"content":{"rendered":"<h2>S\u00e4kerhet ombord p\u00e5 v\u00e5ra b\u00e5tar<\/h2>\n<h2>S\u00e4kerhet<\/h2>\n<p>V\u00e5ra RIB b\u00e5tar \u00e4r CE godk\u00e4nda och utrustade efter Transportstyrelsens krav p\u00e5 utrustning f\u00f6r snabba fartyg. V\u00e5ra g\u00e4ster sitter akterut (bak), vilket skapar sp\u00e4nnande och s\u00e4kra f\u00e4rder. Ombord\u00a0finns elektroniska sj\u00f6kortsplottrar, VHF, AIS och h\u00f6gfartsradar. B\u00e5de b\u00e5tar och g\u00e4ster \u00e4r f\u00f6rs\u00e4krade i Svedea.<\/p>\n<p>Alla kaptener har naturligtvis all den utbildning och de certifikat som kr\u00e4vs. Vi har dessutom det med r\u00e5ge. Men viktigast \u00e4r att vi alla har mycket stor erfarenhet fr\u00e5n sj\u00f6n b\u00e5de som seglare och RIB kaptener. Med den erfarenhet som vi besitter kommer det goda omd\u00f6me som kr\u00e4vs vid utmaningar av naturens krafter. Vi \u00e4gnar oss inte \u00e5t extrem\u00e5kning.<\/p>\n<p>Vi avr\u00e5der gravida och de som har sv\u00e5rare rygg\/nack\/h\u00f6ftbesv\u00e4r att \u00e5ka RIB. I soffan i aktern (bak) blir turen stadig och bekv\u00e4m f\u00f6r dem med l\u00e4ttare besv\u00e4r. Vi har ingen \u00e5ldersgr\u00e4ns men f\u00f6r att n\u00e5 ned till durken (b\u00e5tgolvet) m\u00e5ste man vara 140 centimeter l\u00e5ng. Vid en vikt \u00f6ver 120kg vill vi att ni f\u00f6r en diskussion med oss g\u00e4llande l\u00e4mpligheten att \u00e5ka ribb\u00e5t.<\/p>\n<p>Inf\u00f6r varje resa g\u00f6rs en ordentlig genomg\u00e5ng av g\u00e4sternas s\u00e4kerhetsutrustning och vad som \u00e4r viktigt att t\u00e4nka p\u00e5 vid RIB f\u00e4rder. Vi avbokar inte v\u00e5ra event p\u00e5 grund av v\u00e4der eller vind om det inte finns en uppenbar s\u00e4kerhetsrisk.<\/p>\n<h2>Utrustning<\/h2>\n<p>Alla g\u00e4ster erbjuds sj\u00f6kl\u00e4der av h\u00f6gsta kvalitet. Vi har varma flytoveraller, 275N flytv\u00e4star, m\u00f6ssor, handskar och goggles. Varma dagar byter vi ut flytoverallerna mot vindt\u00e4ta jackor.<\/p>\n<h2>Att t\u00e4nka p\u00e5<\/h2>\n<p>Vi har all utrustning f\u00f6r f\u00e4rden. Ta g\u00e4rna p\u00e5 bekv\u00e4ma skor. Bortsett fr\u00e5n regn blir man normalt inte bl\u00f6t. Det g\u00e5r d\u00e4rf\u00f6r bra att ta med smartphone eller kamera i fickan.<\/p>\n","protected":false},"excerpt":{"rendered":"<p>S\u00e4kerhet ombord p\u00e5 v\u00e5ra b\u00e5ta. S\u00e4kerhe. Utrustning. Att t\u00e4nka p\u00e5. <\/p>\n","protected":false},"author":33,"featured_media":0,"parent":0,"menu_order":13,"comment_status":"closed","ping_status":"closed","template":"","meta":{"_acf_changed":false,"_monsterinsights_skip_tracking":false,"_monsterinsights_sitenote_active":false,"_monsterinsights_sitenote_note":"","_monsterinsights_sitenote_category":0,"footnotes":""},"class_list":["post-1313","page","type-page","status-publish","hentry"],"acf":[],"yoast_head":"<!-- This site is optimized with the Yoast SEO plugin v26.9 - https:\/\/yoast.com\/product\/yoast-seo-wordpress\/ -->\n<title>S\u00e4kerhet ombord - Sea Events<\/title>\n<meta name=\"description\" content=\"V\u00e5ra RIB b\u00e5tar \u00e4r CE godk\u00e4nda och utrustade enligt Transportstyrelsens krav och v\u00e5ra g\u00e4ster \u00e4r f\u00f6rs\u00e4krade i Svedea.\" \/>\n<meta name=\"robots\" content=\"index, follow, max-snippet:-1, max-image-preview:large, max-video-preview:-1\" \/>\n<link rel=\"canonical\" href=\"https:\/\/seaevents.se\/sakerhet-ombord\/\" \/>\n<meta property=\"og:locale\" content=\"sv_SE\" \/>\n<meta property=\"og:type\" content=\"article\" \/>\n<meta property=\"og:title\" content=\"S\u00e4kerhet ombord - Sea Events\" \/>\n<meta property=\"og:description\" content=\"V\u00e5ra RIB b\u00e5tar \u00e4r CE godk\u00e4nda och utrustade enligt Transportstyrelsens krav och v\u00e5ra g\u00e4ster \u00e4r f\u00f6rs\u00e4krade i Svedea.\" \/>\n<meta property=\"og:url\" content=\"https:\/\/seaevents.se\/sakerhet-ombord\/\" \/>\n<meta property=\"og:site_name\" content=\"Sea Events\" \/>\n<meta property=\"article:modified_time\" content=\"2025-01-27T09:55:40+00:00\" \/>\n<meta name=\"twitter:card\" content=\"summary_large_image\" \/>\n<meta name=\"twitter:label1\" content=\"Ber\u00e4knad l\u00e4stid\" \/>\n\t<meta name=\"twitter:data1\" content=\"2 minuter\" \/>\n<script type=\"application\/ld+json\" class=\"yoast-schema-graph\">{\"@context\":\"https:\/\/schema.org\",\"@graph\":[{\"@type\":\"WebPage\",\"@id\":\"https:\/\/seaevents.se\/sakerhet-ombord\/\",\"url\":\"https:\/\/seaevents.se\/sakerhet-ombord\/\",\"name\":\"S\u00e4kerhet ombord - Sea Events\",\"isPartOf\":{\"@id\":\"https:\/\/seaevents.se\/#website\"},\"datePublished\":\"2017-11-13T11:21:52+00:00\",\"dateModified\":\"2025-01-27T09:55:40+00:00\",\"description\":\"V\u00e5ra RIB b\u00e5tar \u00e4r CE godk\u00e4nda och utrustade enligt Transportstyrelsens krav och v\u00e5ra g\u00e4ster \u00e4r f\u00f6rs\u00e4krade i Svedea.\",\"breadcrumb\":{\"@id\":\"https:\/\/seaevents.se\/sakerhet-ombord\/#breadcrumb\"},\"inLanguage\":\"sv-SE\",\"potentialAction\":[{\"@type\":\"ReadAction\",\"target\":[\"https:\/\/seaevents.se\/sakerhet-ombord\/\"]}]},{\"@type\":\"BreadcrumbList\",\"@id\":\"https:\/\/seaevents.se\/sakerhet-ombord\/#breadcrumb\",\"itemListElement\":[{\"@type\":\"ListItem\",\"position\":1,\"name\":\"Hem\",\"item\":\"https:\/\/seaevents.se\/\"},{\"@type\":\"ListItem\",\"position\":2,\"name\":\"S\u00e4kerhet ombord\"}]},{\"@type\":\"WebSite\",\"@id\":\"https:\/\/seaevents.se\/#website\",\"url\":\"https:\/\/seaevents.se\/\",\"name\":\"Sea Events\",\"description\":\"\",\"publisher\":{\"@id\":\"https:\/\/seaevents.se\/#organization\"},\"potentialAction\":[{\"@type\":\"SearchAction\",\"target\":{\"@type\":\"EntryPoint\",\"urlTemplate\":\"https:\/\/seaevents.se\/?s={search_term_string}\"},\"query-input\":{\"@type\":\"PropertyValueSpecification\",\"valueRequired\":true,\"valueName\":\"search_term_string\"}}],\"inLanguage\":\"sv-SE\"},{\"@type\":\"Organization\",\"@id\":\"https:\/\/seaevents.se\/#organization\",\"name\":\"Sea Events\",\"url\":\"https:\/\/seaevents.se\/\",\"logo\":{\"@type\":\"ImageObject\",\"inLanguage\":\"sv-SE\",\"@id\":\"https:\/\/seaevents.se\/#\/schema\/logo\/image\/\",\"url\":\"https:\/\/seaevents.se\/wp-content\/uploads\/2016\/03\/sea-events-logo-hires.png\",\"contentUrl\":\"https:\/\/seaevents.se\/wp-content\/uploads\/2016\/03\/sea-events-logo-hires.png\",\"width\":993,\"height\":361,\"caption\":\"Sea Events\"},\"image\":{\"@id\":\"https:\/\/seaevents.se\/#\/schema\/logo\/image\/\"}}]}<\/script>\n<!-- \/ Yoast SEO plugin. -->","yoast_head_json":{"title":"S\u00e4kerhet ombord - Sea Events","description":"V\u00e5ra RIB b\u00e5tar \u00e4r CE godk\u00e4nda och utrustade enligt Transportstyrelsens krav och v\u00e5ra g\u00e4ster \u00e4r f\u00f6rs\u00e4krade i Svedea.","robots":{"index":"index","follow":"follow","max-snippet":"max-snippet:-1","max-image-preview":"max-image-preview:large","max-video-preview":"max-video-preview:-1"},"canonical":"https:\/\/seaevents.se\/sakerhet-ombord\/","og_locale":"sv_SE","og_type":"article","og_title":"S\u00e4kerhet ombord - Sea Events","og_description":"V\u00e5ra RIB b\u00e5tar \u00e4r CE godk\u00e4nda och utrustade enligt Transportstyrelsens krav och v\u00e5ra g\u00e4ster \u00e4r f\u00f6rs\u00e4krade i Svedea.","og_url":"https:\/\/seaevents.se\/sakerhet-ombord\/","og_site_name":"Sea Events","article_modified_time":"2025-01-27T09:55:40+00:00","twitter_card":"summary_large_image","twitter_misc":{"Ber\u00e4knad l\u00e4stid":"2 minuter"},"schema":{"@context":"https:\/\/schema.org","@graph":[{"@type":"WebPage","@id":"https:\/\/seaevents.se\/sakerhet-ombord\/","url":"https:\/\/seaevents.se\/sakerhet-ombord\/","name":"S\u00e4kerhet ombord - Sea Events","isPartOf":{"@id":"https:\/\/seaevents.se\/#website"},"datePublished":"2017-11-13T11:21:52+00:00","dateModified":"2025-01-27T09:55:40+00:00","description":"V\u00e5ra RIB b\u00e5tar \u00e4r CE godk\u00e4nda och utrustade enligt Transportstyrelsens krav och v\u00e5ra g\u00e4ster \u00e4r f\u00f6rs\u00e4krade i Svedea.","breadcrumb":{"@id":"https:\/\/seaevents.se\/sakerhet-ombord\/#breadcrumb"},"inLanguage":"sv-SE","potentialAction":[{"@type":"ReadAction","target":["https:\/\/seaevents.se\/sakerhet-ombord\/"]}]},{"@type":"BreadcrumbList","@id":"https:\/\/seaevents.se\/sakerhet-ombord\/#breadcrumb","itemListElement":[{"@type":"ListItem","position":1,"name":"Hem","item":"https:\/\/seaevents.se\/"},{"@type":"ListItem","position":2,"name":"S\u00e4kerhet ombord"}]},{"@type":"WebSite","@id":"https:\/\/seaevents.se\/#website","url":"https:\/\/seaevents.se\/","name":"Sea Events","description":"","publisher":{"@id":"https:\/\/seaevents.se\/#organization"},"potentialAction":[{"@type":"SearchAction","target":{"@type":"EntryPoint","urlTemplate":"https:\/\/seaevents.se\/?s={search_term_string}"},"query-input":{"@type":"PropertyValueSpecification","valueRequired":true,"valueName":"search_term_string"}}],"inLanguage":"sv-SE"},{"@type":"Organization","@id":"https:\/\/seaevents.se\/#organization","name":"Sea Events","url":"https:\/\/seaevents.se\/","logo":{"@type":"ImageObject","inLanguage":"sv-SE","@id":"https:\/\/seaevents.se\/#\/schema\/logo\/image\/","url":"https:\/\/seaevents.se\/wp-content\/uploads\/2016\/03\/sea-events-logo-hires.png","contentUrl":"https:\/\/seaevents.se\/wp-content\/uploads\/2016\/03\/sea-events-logo-hires.png","width":993,"height":361,"caption":"Sea Events"},"image":{"@id":"https:\/\/seaevents.se\/#\/schema\/logo\/image\/"}}]}},"_links":{"self":[{"href":"https:\/\/seaevents.se\/index.php?rest_route=\/wp\/v2\/pages\/1313","targetHints":{"allow":["GET"]}}],"collection":[{"href":"https:\/\/seaevents.se\/index.php?rest_route=\/wp\/v2\/pages"}],"about":[{"href":"https:\/\/seaevents.se\/index.php?rest_route=\/wp\/v2\/types\/page"}],"author":[{"embeddable":true,"href":"https:\/\/seaevents.se\/index.php?rest_route=\/wp\/v2\/users\/33"}],"replies":[{"embeddable":true,"href":"https:\/\/seaevents.se\/index.php?rest_route=%2Fwp%2Fv2%2Fcomments&post=1313"}],"version-history":[{"count":19,"href":"https:\/\/seaevents.se\/index.php?rest_route=\/wp\/v2\/pages\/1313\/revisions"}],"predecessor-version":[{"id":3000,"href":"https:\/\/seaevents.se\/index.php?rest_route=\/wp\/v2\/pages\/1313\/revisions\/3000"}],"wp:attachment":[{"href":"https:\/\/seaevents.se\/index.php?rest_route=%2Fwp%2Fv2%2Fmedia&parent=1313"}],"curies":[{"name":"wp","href":"https:\/\/api.w.org\/{rel}","templated":true}]}}